{"id":671,"date":"2022-08-24T17:49:05","date_gmt":"2022-08-24T15:49:05","guid":{"rendered":"https:\/\/lcl.vitaina.bio\/homepage\/"},"modified":"2023-12-20T11:51:22","modified_gmt":"2023-12-20T10:51:22","slug":"homepage","status":"publish","type":"page","link":"https:\/\/mondona.bio\/de\/","title":{"rendered":"Home"},"content":{"rendered":"","protected":false},"excerpt":{"rendered":"","protected":false},"author":1,"featured_media":0,"parent":0,"menu_order":0,"comment_status":"closed","ping_status":"closed","template":"templates\/tpl-homepage.php","meta":{"_acf_changed":false,"footnotes":""},"class_list":["post-671","page","type-page","status-publish","hentry"],"acf":[],"yoast_head":"<!-- This site is optimized with the Yoast SEO plugin v24.2 - https:\/\/yoast.com\/wordpress\/plugins\/seo\/ -->\n<title>Home - mondona<\/title>\n<meta name=\"description\" content=\"Bestellen Sie Ihre bevorzugten getrockneten und dehydrierten Bio-Fr\u00fcchte und unsere streichf\u00e4hige Creme aus unserem gro\u00dfen Sortiment!\" \/>\n<meta name=\"robots\" content=\"index, follow, max-snippet:-1, max-image-preview:large, max-video-preview:-1\" \/>\n<link rel=\"canonical\" href=\"https:\/\/mondona.bio\/\" \/>\n<meta property=\"og:locale\" content=\"de_DE\" \/>\n<meta property=\"og:type\" content=\"article\" \/>\n<meta property=\"og:title\" content=\"Home - mondona\" \/>\n<meta property=\"og:description\" content=\"Bestellen Sie Ihre bevorzugten getrockneten und dehydrierten Bio-Fr\u00fcchte und unsere streichf\u00e4hige Creme aus unserem gro\u00dfen Sortiment!\" \/>\n<meta property=\"og:url\" content=\"https:\/\/mondona.bio\/\" \/>\n<meta property=\"og:site_name\" content=\"mondona\" \/>\n<meta property=\"article:publisher\" content=\"https:\/\/www.facebook.com\/vitaina.bio\/\" \/>\n<meta property=\"article:modified_time\" content=\"2023-12-20T10:51:22+00:00\" \/>\n<meta name=\"twitter:card\" content=\"summary_large_image\" \/>\n<script type=\"application\/ld+json\" class=\"yoast-schema-graph\">{\"@context\":\"https:\/\/schema.org\",\"@graph\":[{\"@type\":\"WebPage\",\"@id\":\"https:\/\/mondona.bio\/\",\"url\":\"https:\/\/mondona.bio\/\",\"name\":\"Home - mondona\",\"isPartOf\":{\"@id\":\"https:\/\/mondona.bio\/#website\"},\"datePublished\":\"2022-08-24T15:49:05+00:00\",\"dateModified\":\"2023-12-20T10:51:22+00:00\",\"description\":\"Bestellen Sie Ihre bevorzugten getrockneten und dehydrierten Bio-Fr\u00fcchte und unsere streichf\u00e4hige Creme aus unserem gro\u00dfen Sortiment!\",\"breadcrumb\":{\"@id\":\"https:\/\/mondona.bio\/#breadcrumb\"},\"inLanguage\":\"de\",\"potentialAction\":[{\"@type\":\"ReadAction\",\"target\":[\"https:\/\/mondona.bio\/\"]}]},{\"@type\":\"BreadcrumbList\",\"@id\":\"https:\/\/mondona.bio\/#breadcrumb\",\"itemListElement\":[{\"@type\":\"ListItem\",\"position\":1,\"name\":\"Startseite\",\"item\":\"https:\/\/mondona.bio\/\"},{\"@type\":\"ListItem\",\"position\":2,\"name\":\"Home\"}]},{\"@type\":\"WebSite\",\"@id\":\"https:\/\/mondona.bio\/#website\",\"url\":\"https:\/\/mondona.bio\/\",\"name\":\"mondona\",\"description\":\"Bio-Obst und -Gem\u00fcse, dehydriert mit der Soft-DRY\u00ae-Methode\",\"potentialAction\":[{\"@type\":\"SearchAction\",\"target\":{\"@type\":\"EntryPoint\",\"urlTemplate\":\"https:\/\/mondona.bio\/?s={search_term_string}\"},\"query-input\":{\"@type\":\"PropertyValueSpecification\",\"valueRequired\":true,\"valueName\":\"search_term_string\"}}],\"inLanguage\":\"de\"}]}<\/script>\n<!-- \/ Yoast SEO plugin. -->","yoast_head_json":{"title":"Home - mondona","description":"Bestellen Sie Ihre bevorzugten getrockneten und dehydrierten Bio-Fr\u00fcchte und unsere streichf\u00e4hige Creme aus unserem gro\u00dfen Sortiment!","robots":{"index":"index","follow":"follow","max-snippet":"max-snippet:-1","max-image-preview":"max-image-preview:large","max-video-preview":"max-video-preview:-1"},"canonical":"https:\/\/mondona.bio\/","og_locale":"de_DE","og_type":"article","og_title":"Home - mondona","og_description":"Bestellen Sie Ihre bevorzugten getrockneten und dehydrierten Bio-Fr\u00fcchte und unsere streichf\u00e4hige Creme aus unserem gro\u00dfen Sortiment!","og_url":"https:\/\/mondona.bio\/","og_site_name":"mondona","article_publisher":"https:\/\/www.facebook.com\/vitaina.bio\/","article_modified_time":"2023-12-20T10:51:22+00:00","twitter_card":"summary_large_image","schema":{"@context":"https:\/\/schema.org","@graph":[{"@type":"WebPage","@id":"https:\/\/mondona.bio\/","url":"https:\/\/mondona.bio\/","name":"Home - mondona","isPartOf":{"@id":"https:\/\/mondona.bio\/#website"},"datePublished":"2022-08-24T15:49:05+00:00","dateModified":"2023-12-20T10:51:22+00:00","description":"Bestellen Sie Ihre bevorzugten getrockneten und dehydrierten Bio-Fr\u00fcchte und unsere streichf\u00e4hige Creme aus unserem gro\u00dfen Sortiment!","breadcrumb":{"@id":"https:\/\/mondona.bio\/#breadcrumb"},"inLanguage":"de","potentialAction":[{"@type":"ReadAction","target":["https:\/\/mondona.bio\/"]}]},{"@type":"BreadcrumbList","@id":"https:\/\/mondona.bio\/#breadcrumb","itemListElement":[{"@type":"ListItem","position":1,"name":"Startseite","item":"https:\/\/mondona.bio\/"},{"@type":"ListItem","position":2,"name":"Home"}]},{"@type":"WebSite","@id":"https:\/\/mondona.bio\/#website","url":"https:\/\/mondona.bio\/","name":"mondona","description":"Bio-Obst und -Gem\u00fcse, dehydriert mit der Soft-DRY\u00ae-Methode","potentialAction":[{"@type":"SearchAction","target":{"@type":"EntryPoint","urlTemplate":"https:\/\/mondona.bio\/?s={search_term_string}"},"query-input":{"@type":"PropertyValueSpecification","valueRequired":true,"valueName":"search_term_string"}}],"inLanguage":"de"}]}},"_links":{"self":[{"href":"https:\/\/mondona.bio\/de\/wp-json\/wp\/v2\/pages\/671","targetHints":{"allow":["GET"]}}],"collection":[{"href":"https:\/\/mondona.bio\/de\/wp-json\/wp\/v2\/pages"}],"about":[{"href":"https:\/\/mondona.bio\/de\/wp-json\/wp\/v2\/types\/page"}],"author":[{"embeddable":true,"href":"https:\/\/mondona.bio\/de\/wp-json\/wp\/v2\/users\/1"}],"replies":[{"embeddable":true,"href":"https:\/\/mondona.bio\/de\/wp-json\/wp\/v2\/comments?post=671"}],"version-history":[{"count":0,"href":"https:\/\/mondona.bio\/de\/wp-json\/wp\/v2\/pages\/671\/revisions"}],"wp:attachment":[{"href":"https:\/\/mondona.bio\/de\/wp-json\/wp\/v2\/media?parent=671"}],"curies":[{"name":"wp","href":"https:\/\/api.w.org\/{rel}","templated":true}]}}