{"id":1250,"date":"2022-11-29T16:24:24","date_gmt":"2022-11-29T15:24:24","guid":{"rendered":"https:\/\/vitaina.asirokas.com\/product\/organic-strawberries\/"},"modified":"2023-02-15T12:30:32","modified_gmt":"2023-02-15T11:30:32","slug":"organic-strawberries","status":"publish","type":"product","link":"https:\/\/mondona.bio\/de\/produkt\/organic-strawberries\/","title":{"rendered":"Bio-Erdbeeren"},"content":{"rendered":"<p>Dieses Produkt und alle anderen Soft-DRY\u00ae Produkte sind einzigartig. Soft-DRY\u00ae steht f\u00fcr Exzellenz und ist die nat\u00fcrlichste und unverarbeitetste Art der Trocknung. Es ist in der Lage, die Qualit\u00e4t der Originalprodukte zu erhalten und in einigen F\u00e4llen sogar zu verbessern, was die Endprodukte zu einem perfekten nat\u00fcrlichen und gesunden Snack f\u00fcr unterwegs macht.<\/p>\n<p>Bei diesem Verfahren werden frische Bio-Erzeugnisse sorgf\u00e4ltig ausgew\u00e4hlt und im richtigen Reifegrad handverlesen. Dann folgt eine Reihe von manuellen Verarbeitungsschritten, bevor sie schonend getrocknet werden. Einige N\u00fcsse, Samen und auch eine kleinere Auswahl an Fr\u00fcchten und Beeren trocknen auf nat\u00fcrliche Weise an der Pflanze, w\u00e4hrend sie noch von ihrer Schale oder von den Bl\u00e4ttern der Pflanze gesch\u00fctzt sind.<\/p>\n<p>In beiden F\u00e4llen sind die Bedingungen sehr \u00e4hnlich, und die Produkte werden nicht Temperaturen \u00fcber 42 \u02daC ausgesetzt, so dass sie ihre Rohkost-Qualit\u00e4t beibehalten. Entweder erledigt Mutter Natur die Arbeit, oder wir tun es dank fortgeschrittener und innovativer Technologie, am Ende entsteht ein Endprodukt von h\u00f6chstm\u00f6glicher Qualit\u00e4t.<\/p>\n<p>Unsere Soft-DRY\u00ae Snacks sind alle biologisch, vegan, Rohkost und glutenfrei. Sie sind unglaublich lecker und gleichzeitig eine funktionale und clevere Art, deine Ern\u00e4hrung mit einer idealen Quelle an Energie, Ballaststoffen, Vitaminen und Mineralstoffen zu bereichern.<\/p>\n<p>Worauf wartest du noch, probiere sie jetzt!<\/p>\n","protected":false},"excerpt":{"rendered":"<p>Biologische schonend getrocknete (Soft-DRY\u00ae) Erdbeeren.<\/p>\n","protected":false},"featured_media":41262,"comment_status":"closed","ping_status":"closed","template":"","meta":{"_acf_changed":false},"product_cat":[141,98],"product_tag":[],"class_list":{"0":"post-1250","1":"product","2":"type-product","3":"status-publish","4":"has-post-thumbnail","6":"product_application-fruhstuck-porridge","7":"product_application-gesund-snacken","8":"product_application-kochen-rezepte","9":"product_application-nach-dem-training","10":"product_application-vor-dem-training","11":"product_market-b2c","12":"product_cat-pur-fruchte","13":"product_cat-soft-dry-de","14":"pa_net-weight-91","15":"pa_properties-biologisch-de","16":"pa_properties-glutenfrei","17":"pa_properties-laktosefrei","18":"pa_properties-roh","19":"pa_properties-vegan-de","21":"first","22":"outofstock","23":"taxable","24":"shipping-taxable","25":"purchasable","26":"product-type-simple"},"acf":[],"yoast_head":"<!-- This site is optimized with the Yoast SEO plugin v24.2 - https:\/\/yoast.com\/wordpress\/plugins\/seo\/ -->\n<title>Bio-Erdbeeren - mondona<\/title>\n<meta name=\"robots\" content=\"index, follow, max-snippet:-1, max-image-preview:large, max-video-preview:-1\" \/>\n<link rel=\"canonical\" href=\"https:\/\/mondona.bio\/produkt\/organic-strawberries\/\" \/>\n<meta property=\"og:locale\" content=\"de_DE\" \/>\n<meta property=\"og:type\" content=\"article\" \/>\n<meta property=\"og:title\" content=\"Bio-Erdbeeren - mondona\" \/>\n<meta property=\"og:description\" content=\"Biologische schonend getrocknete (Soft-DRY\u00ae) Erdbeeren.\" \/>\n<meta property=\"og:url\" content=\"https:\/\/mondona.bio\/produkt\/organic-strawberries\/\" \/>\n<meta property=\"og:site_name\" content=\"mondona\" \/>\n<meta property=\"article:publisher\" content=\"https:\/\/www.facebook.com\/vitaina.bio\/\" \/>\n<meta property=\"article:modified_time\" content=\"2023-02-15T11:30:32+00:00\" \/>\n<meta property=\"og:image\" content=\"https:\/\/mondona.bio\/wp-content\/uploads\/2023\/10\/mondona_244_Pure-Fruits_Strawberries_800x800px_96ppi_tb.png\" \/>\n\t<meta property=\"og:image:width\" content=\"800\" \/>\n\t<meta property=\"og:image:height\" content=\"800\" \/>\n\t<meta property=\"og:image:type\" content=\"image\/png\" \/>\n<meta name=\"twitter:card\" content=\"summary_large_image\" \/>\n<meta name=\"twitter:label1\" content=\"Gesch\u00e4tzte Lesezeit\" \/>\n\t<meta name=\"twitter:data1\" content=\"1\u00a0Minute\" \/>\n<script type=\"application\/ld+json\" class=\"yoast-schema-graph\">{\"@context\":\"https:\/\/schema.org\",\"@graph\":[{\"@type\":\"WebPage\",\"@id\":\"https:\/\/mondona.bio\/produkt\/organic-strawberries\/\",\"url\":\"https:\/\/mondona.bio\/produkt\/organic-strawberries\/\",\"name\":\"Bio-Erdbeeren - mondona\",\"isPartOf\":{\"@id\":\"https:\/\/mondona.bio\/#website\"},\"primaryImageOfPage\":{\"@id\":\"https:\/\/mondona.bio\/produkt\/organic-strawberries\/#primaryimage\"},\"image\":{\"@id\":\"https:\/\/mondona.bio\/produkt\/organic-strawberries\/#primaryimage\"},\"thumbnailUrl\":\"https:\/\/mondona.bio\/wp-content\/uploads\/2023\/10\/mondona_244_Pure-Fruits_Strawberries_800x800px_96ppi_tb.png\",\"datePublished\":\"2022-11-29T15:24:24+00:00\",\"dateModified\":\"2023-02-15T11:30:32+00:00\",\"breadcrumb\":{\"@id\":\"https:\/\/mondona.bio\/produkt\/organic-strawberries\/#breadcrumb\"},\"inLanguage\":\"de\",\"potentialAction\":[{\"@type\":\"ReadAction\",\"target\":[\"https:\/\/mondona.bio\/produkt\/organic-strawberries\/\"]}]},{\"@type\":\"ImageObject\",\"inLanguage\":\"de\",\"@id\":\"https:\/\/mondona.bio\/produkt\/organic-strawberries\/#primaryimage\",\"url\":\"https:\/\/mondona.bio\/wp-content\/uploads\/2023\/10\/mondona_244_Pure-Fruits_Strawberries_800x800px_96ppi_tb.png\",\"contentUrl\":\"https:\/\/mondona.bio\/wp-content\/uploads\/2023\/10\/mondona_244_Pure-Fruits_Strawberries_800x800px_96ppi_tb.png\",\"width\":800,\"height\":800,\"caption\":\"mondona dehydrated strawberries\"},{\"@type\":\"BreadcrumbList\",\"@id\":\"https:\/\/mondona.bio\/produkt\/organic-strawberries\/#breadcrumb\",\"itemListElement\":[{\"@type\":\"ListItem\",\"position\":1,\"name\":\"Startseite\",\"item\":\"https:\/\/mondona.bio\/\"},{\"@type\":\"ListItem\",\"position\":2,\"name\":\"Shop\",\"item\":\"https:\/\/mondona.bio\/shop\/\"},{\"@type\":\"ListItem\",\"position\":3,\"name\":\"Bio-Erdbeeren\"}]},{\"@type\":\"WebSite\",\"@id\":\"https:\/\/mondona.bio\/#website\",\"url\":\"https:\/\/mondona.bio\/\",\"name\":\"mondona\",\"description\":\"Bio-Obst und -Gem\u00fcse, dehydriert mit der Soft-DRY\u00ae-Methode\",\"potentialAction\":[{\"@type\":\"SearchAction\",\"target\":{\"@type\":\"EntryPoint\",\"urlTemplate\":\"https:\/\/mondona.bio\/?s={search_term_string}\"},\"query-input\":{\"@type\":\"PropertyValueSpecification\",\"valueRequired\":true,\"valueName\":\"search_term_string\"}}],\"inLanguage\":\"de\"}]}<\/script>\n<!-- \/ Yoast SEO plugin. -->","yoast_head_json":{"title":"Bio-Erdbeeren - mondona","robots":{"index":"index","follow":"follow","max-snippet":"max-snippet:-1","max-image-preview":"max-image-preview:large","max-video-preview":"max-video-preview:-1"},"canonical":"https:\/\/mondona.bio\/produkt\/organic-strawberries\/","og_locale":"de_DE","og_type":"article","og_title":"Bio-Erdbeeren - mondona","og_description":"Biologische schonend getrocknete (Soft-DRY\u00ae) Erdbeeren.","og_url":"https:\/\/mondona.bio\/produkt\/organic-strawberries\/","og_site_name":"mondona","article_publisher":"https:\/\/www.facebook.com\/vitaina.bio\/","article_modified_time":"2023-02-15T11:30:32+00:00","og_image":[{"width":800,"height":800,"url":"https:\/\/mondona.bio\/wp-content\/uploads\/2023\/10\/mondona_244_Pure-Fruits_Strawberries_800x800px_96ppi_tb.png","type":"image\/png"}],"twitter_card":"summary_large_image","twitter_misc":{"Gesch\u00e4tzte Lesezeit":"1\u00a0Minute"},"schema":{"@context":"https:\/\/schema.org","@graph":[{"@type":"WebPage","@id":"https:\/\/mondona.bio\/produkt\/organic-strawberries\/","url":"https:\/\/mondona.bio\/produkt\/organic-strawberries\/","name":"Bio-Erdbeeren - mondona","isPartOf":{"@id":"https:\/\/mondona.bio\/#website"},"primaryImageOfPage":{"@id":"https:\/\/mondona.bio\/produkt\/organic-strawberries\/#primaryimage"},"image":{"@id":"https:\/\/mondona.bio\/produkt\/organic-strawberries\/#primaryimage"},"thumbnailUrl":"https:\/\/mondona.bio\/wp-content\/uploads\/2023\/10\/mondona_244_Pure-Fruits_Strawberries_800x800px_96ppi_tb.png","datePublished":"2022-11-29T15:24:24+00:00","dateModified":"2023-02-15T11:30:32+00:00","breadcrumb":{"@id":"https:\/\/mondona.bio\/produkt\/organic-strawberries\/#breadcrumb"},"inLanguage":"de","potentialAction":[{"@type":"ReadAction","target":["https:\/\/mondona.bio\/produkt\/organic-strawberries\/"]}]},{"@type":"ImageObject","inLanguage":"de","@id":"https:\/\/mondona.bio\/produkt\/organic-strawberries\/#primaryimage","url":"https:\/\/mondona.bio\/wp-content\/uploads\/2023\/10\/mondona_244_Pure-Fruits_Strawberries_800x800px_96ppi_tb.png","contentUrl":"https:\/\/mondona.bio\/wp-content\/uploads\/2023\/10\/mondona_244_Pure-Fruits_Strawberries_800x800px_96ppi_tb.png","width":800,"height":800,"caption":"mondona dehydrated strawberries"},{"@type":"BreadcrumbList","@id":"https:\/\/mondona.bio\/produkt\/organic-strawberries\/#breadcrumb","itemListElement":[{"@type":"ListItem","position":1,"name":"Startseite","item":"https:\/\/mondona.bio\/"},{"@type":"ListItem","position":2,"name":"Shop","item":"https:\/\/mondona.bio\/shop\/"},{"@type":"ListItem","position":3,"name":"Bio-Erdbeeren"}]},{"@type":"WebSite","@id":"https:\/\/mondona.bio\/#website","url":"https:\/\/mondona.bio\/","name":"mondona","description":"Bio-Obst und -Gem\u00fcse, dehydriert mit der Soft-DRY\u00ae-Methode","potentialAction":[{"@type":"SearchAction","target":{"@type":"EntryPoint","urlTemplate":"https:\/\/mondona.bio\/?s={search_term_string}"},"query-input":{"@type":"PropertyValueSpecification","valueRequired":true,"valueName":"search_term_string"}}],"inLanguage":"de"}]}},"_links":{"self":[{"href":"https:\/\/mondona.bio\/de\/wp-json\/wp\/v2\/product\/1250","targetHints":{"allow":["GET"]}}],"collection":[{"href":"https:\/\/mondona.bio\/de\/wp-json\/wp\/v2\/product"}],"about":[{"href":"https:\/\/mondona.bio\/de\/wp-json\/wp\/v2\/types\/product"}],"replies":[{"embeddable":true,"href":"https:\/\/mondona.bio\/de\/wp-json\/wp\/v2\/comments?post=1250"}],"wp:featuredmedia":[{"embeddable":true,"href":"https:\/\/mondona.bio\/de\/wp-json\/wp\/v2\/media\/41262"}],"wp:attachment":[{"href":"https:\/\/mondona.bio\/de\/wp-json\/wp\/v2\/media?parent=1250"}],"wp:term":[{"taxonomy":"product_cat","embeddable":true,"href":"https:\/\/mondona.bio\/de\/wp-json\/wp\/v2\/product_cat?post=1250"},{"taxonomy":"product_tag","embeddable":true,"href":"https:\/\/mondona.bio\/de\/wp-json\/wp\/v2\/product_tag?post=1250"}],"curies":[{"name":"wp","href":"https:\/\/api.w.org\/{rel}","templated":true}]}}