{"id":811,"date":"2022-12-05T11:36:49","date_gmt":"2022-12-05T10:36:49","guid":{"rendered":"https:\/\/vitaina.asirokas.com\/product\/crunchy-organic-roasted-peanut-cream\/"},"modified":"2023-02-22T15:32:35","modified_gmt":"2023-02-22T14:32:35","slug":"crunchy-organic-roasted-peanut-cream","status":"publish","type":"product","link":"https:\/\/mondona.bio\/de\/produkt\/crunchy-organic-roasted-peanut-cream\/","title":{"rendered":"Crunchy Bio-Erdnussmus"},"content":{"rendered":"<p>Dieses Produkt ist Teil unserer neuen und gro\u00dfartigen Creme-Linie. mondona steht f\u00fcr erstklassige Qualit\u00e4t und wirklich gesunde Produkte. Deshalb verwenden wir nur die besten Zutaten f\u00fcr unsere biologischen, veganen und k\u00f6stlichen Cremes. Sie sind unwiderstehlich und gleichzeitig eine funktionelle und intelligente Art, deine Ern\u00e4hrung mit gesunden Fetten, Ballaststoffen, Eiwei\u00dfen und Mikron\u00e4hrstoffen zu erg\u00e4nzen.<\/p>\n<p>Wenn du verschiedene Produkte auf dem Markt vergleichst, wirst du g\u00fcnstige F\u00fcllstoffe wie \u00d6le, Zucker und Milchprodukte in den Zutaten finden. Diese F\u00fcllstoffe werden oft verwendet, um den Gehalt der teuren Zutaten zu reduzieren und den Gewinn zu steigern. In unseren Cremes wirst du keine billigen F\u00fcllstoffe finden, und du wirst feststellen, dass wir unsere Zutatenlisten kurz und sauber halten. Wir raten dir, die R\u00fcckseite der Etiketten zu lesen, zu hinterfragen, was dir Werbungen versprechen, und dir deine eigene Meinung zu bilden.<\/p>\n<p>Genie\u00dfe unsere Cremes in deinem morgendlichen M\u00fcsli oder Porridge, auf deinen Pancakes oder in deinen Smoothies oder Shakes f\u00fcr unterwegs. Die Anwendungsm\u00f6glichkeiten sind endlos. Nutze deine Fantasie und Kreativit\u00e4t oder lass dich von unseren leckeren Rezepten inspirieren. Unsere einzigartigen Cremes sind sogar perfekt f\u00fcr Menschen mit Z\u00f6liakie, denn sie sind alle glutenfrei.<\/p>\n<p>Worauf wartest du noch, probiere sie jetzt!<\/p>\n","protected":false},"excerpt":{"rendered":"<p>100% st\u00fcckiges Bio-Erdnussmus aus ger\u00f6steten Erdnusskernen.<\/p>\n","protected":false},"featured_media":41404,"comment_status":"closed","ping_status":"closed","template":"","meta":{"_acf_changed":false},"product_cat":[99,195],"product_tag":[],"class_list":{"0":"post-811","1":"product","2":"type-product","3":"status-publish","4":"has-post-thumbnail","6":"product_application-fruhstuck-porridge","7":"product_application-gesund-snacken","8":"product_application-kochen-rezepte","9":"product_application-nach-dem-training","10":"product_application-vor-dem-training","11":"product_market-b2c","12":"product_cat-muse","13":"product_cat-pure-nussmuse","14":"pa_net-weight-93","15":"pa_properties-biologisch-de","16":"pa_properties-glutenfrei","17":"pa_properties-laktosefrei","18":"pa_properties-vegan-de","20":"first","21":"outofstock","22":"taxable","23":"shipping-taxable","24":"purchasable","25":"product-type-simple"},"acf":[],"yoast_head":"<!-- This site is optimized with the Yoast SEO plugin v24.2 - https:\/\/yoast.com\/wordpress\/plugins\/seo\/ -->\n<title>Crunchy Bio-Erdnussmus - mondona<\/title>\n<meta name=\"robots\" content=\"index, follow, max-snippet:-1, max-image-preview:large, max-video-preview:-1\" \/>\n<link rel=\"canonical\" href=\"https:\/\/mondona.bio\/produkt\/crunchy-organic-roasted-peanut-cream\/\" \/>\n<meta property=\"og:locale\" content=\"de_DE\" \/>\n<meta property=\"og:type\" content=\"article\" \/>\n<meta property=\"og:title\" content=\"Crunchy Bio-Erdnussmus - mondona\" \/>\n<meta property=\"og:description\" content=\"100% st\u00fcckiges Bio-Erdnussmus aus ger\u00f6steten Erdnusskernen.\" \/>\n<meta property=\"og:url\" content=\"https:\/\/mondona.bio\/produkt\/crunchy-organic-roasted-peanut-cream\/\" \/>\n<meta property=\"og:site_name\" content=\"mondona\" \/>\n<meta property=\"article:publisher\" content=\"https:\/\/www.facebook.com\/vitaina.bio\/\" \/>\n<meta property=\"article:modified_time\" content=\"2023-02-22T14:32:35+00:00\" \/>\n<meta property=\"og:image\" content=\"https:\/\/mondona.bio\/wp-content\/uploads\/2023\/10\/mondona_521_Pure-Nut-Cream_100-Crunchy-Peanut_800x800px_96ppi_tb.png\" \/>\n\t<meta property=\"og:image:width\" content=\"800\" \/>\n\t<meta property=\"og:image:height\" content=\"800\" \/>\n\t<meta property=\"og:image:type\" content=\"image\/png\" \/>\n<meta name=\"twitter:card\" content=\"summary_large_image\" \/>\n<meta name=\"twitter:label1\" content=\"Gesch\u00e4tzte Lesezeit\" \/>\n\t<meta name=\"twitter:data1\" content=\"2\u00a0Minuten\" \/>\n<script type=\"application\/ld+json\" class=\"yoast-schema-graph\">{\"@context\":\"https:\/\/schema.org\",\"@graph\":[{\"@type\":\"WebPage\",\"@id\":\"https:\/\/mondona.bio\/produkt\/crunchy-organic-roasted-peanut-cream\/\",\"url\":\"https:\/\/mondona.bio\/produkt\/crunchy-organic-roasted-peanut-cream\/\",\"name\":\"Crunchy Bio-Erdnussmus - mondona\",\"isPartOf\":{\"@id\":\"https:\/\/mondona.bio\/#website\"},\"primaryImageOfPage\":{\"@id\":\"https:\/\/mondona.bio\/produkt\/crunchy-organic-roasted-peanut-cream\/#primaryimage\"},\"image\":{\"@id\":\"https:\/\/mondona.bio\/produkt\/crunchy-organic-roasted-peanut-cream\/#primaryimage\"},\"thumbnailUrl\":\"https:\/\/mondona.bio\/wp-content\/uploads\/2023\/10\/mondona_521_Pure-Nut-Cream_100-Crunchy-Peanut_800x800px_96ppi_tb.png\",\"datePublished\":\"2022-12-05T10:36:49+00:00\",\"dateModified\":\"2023-02-22T14:32:35+00:00\",\"breadcrumb\":{\"@id\":\"https:\/\/mondona.bio\/produkt\/crunchy-organic-roasted-peanut-cream\/#breadcrumb\"},\"inLanguage\":\"de\",\"potentialAction\":[{\"@type\":\"ReadAction\",\"target\":[\"https:\/\/mondona.bio\/produkt\/crunchy-organic-roasted-peanut-cream\/\"]}]},{\"@type\":\"ImageObject\",\"inLanguage\":\"de\",\"@id\":\"https:\/\/mondona.bio\/produkt\/crunchy-organic-roasted-peanut-cream\/#primaryimage\",\"url\":\"https:\/\/mondona.bio\/wp-content\/uploads\/2023\/10\/mondona_521_Pure-Nut-Cream_100-Crunchy-Peanut_800x800px_96ppi_tb.png\",\"contentUrl\":\"https:\/\/mondona.bio\/wp-content\/uploads\/2023\/10\/mondona_521_Pure-Nut-Cream_100-Crunchy-Peanut_800x800px_96ppi_tb.png\",\"width\":800,\"height\":800,\"caption\":\"mondona crunchy peanut cream\"},{\"@type\":\"BreadcrumbList\",\"@id\":\"https:\/\/mondona.bio\/produkt\/crunchy-organic-roasted-peanut-cream\/#breadcrumb\",\"itemListElement\":[{\"@type\":\"ListItem\",\"position\":1,\"name\":\"Startseite\",\"item\":\"https:\/\/mondona.bio\/\"},{\"@type\":\"ListItem\",\"position\":2,\"name\":\"Shop\",\"item\":\"https:\/\/mondona.bio\/shop\/\"},{\"@type\":\"ListItem\",\"position\":3,\"name\":\"Crunchy Bio-Erdnussmus\"}]},{\"@type\":\"WebSite\",\"@id\":\"https:\/\/mondona.bio\/#website\",\"url\":\"https:\/\/mondona.bio\/\",\"name\":\"mondona\",\"description\":\"Bio-Obst und -Gem\u00fcse, dehydriert mit der Soft-DRY\u00ae-Methode\",\"potentialAction\":[{\"@type\":\"SearchAction\",\"target\":{\"@type\":\"EntryPoint\",\"urlTemplate\":\"https:\/\/mondona.bio\/?s={search_term_string}\"},\"query-input\":{\"@type\":\"PropertyValueSpecification\",\"valueRequired\":true,\"valueName\":\"search_term_string\"}}],\"inLanguage\":\"de\"}]}<\/script>\n<!-- \/ Yoast SEO plugin. -->","yoast_head_json":{"title":"Crunchy Bio-Erdnussmus - mondona","robots":{"index":"index","follow":"follow","max-snippet":"max-snippet:-1","max-image-preview":"max-image-preview:large","max-video-preview":"max-video-preview:-1"},"canonical":"https:\/\/mondona.bio\/produkt\/crunchy-organic-roasted-peanut-cream\/","og_locale":"de_DE","og_type":"article","og_title":"Crunchy Bio-Erdnussmus - mondona","og_description":"100% st\u00fcckiges Bio-Erdnussmus aus ger\u00f6steten Erdnusskernen.","og_url":"https:\/\/mondona.bio\/produkt\/crunchy-organic-roasted-peanut-cream\/","og_site_name":"mondona","article_publisher":"https:\/\/www.facebook.com\/vitaina.bio\/","article_modified_time":"2023-02-22T14:32:35+00:00","og_image":[{"width":800,"height":800,"url":"https:\/\/mondona.bio\/wp-content\/uploads\/2023\/10\/mondona_521_Pure-Nut-Cream_100-Crunchy-Peanut_800x800px_96ppi_tb.png","type":"image\/png"}],"twitter_card":"summary_large_image","twitter_misc":{"Gesch\u00e4tzte Lesezeit":"2\u00a0Minuten"},"schema":{"@context":"https:\/\/schema.org","@graph":[{"@type":"WebPage","@id":"https:\/\/mondona.bio\/produkt\/crunchy-organic-roasted-peanut-cream\/","url":"https:\/\/mondona.bio\/produkt\/crunchy-organic-roasted-peanut-cream\/","name":"Crunchy Bio-Erdnussmus - mondona","isPartOf":{"@id":"https:\/\/mondona.bio\/#website"},"primaryImageOfPage":{"@id":"https:\/\/mondona.bio\/produkt\/crunchy-organic-roasted-peanut-cream\/#primaryimage"},"image":{"@id":"https:\/\/mondona.bio\/produkt\/crunchy-organic-roasted-peanut-cream\/#primaryimage"},"thumbnailUrl":"https:\/\/mondona.bio\/wp-content\/uploads\/2023\/10\/mondona_521_Pure-Nut-Cream_100-Crunchy-Peanut_800x800px_96ppi_tb.png","datePublished":"2022-12-05T10:36:49+00:00","dateModified":"2023-02-22T14:32:35+00:00","breadcrumb":{"@id":"https:\/\/mondona.bio\/produkt\/crunchy-organic-roasted-peanut-cream\/#breadcrumb"},"inLanguage":"de","potentialAction":[{"@type":"ReadAction","target":["https:\/\/mondona.bio\/produkt\/crunchy-organic-roasted-peanut-cream\/"]}]},{"@type":"ImageObject","inLanguage":"de","@id":"https:\/\/mondona.bio\/produkt\/crunchy-organic-roasted-peanut-cream\/#primaryimage","url":"https:\/\/mondona.bio\/wp-content\/uploads\/2023\/10\/mondona_521_Pure-Nut-Cream_100-Crunchy-Peanut_800x800px_96ppi_tb.png","contentUrl":"https:\/\/mondona.bio\/wp-content\/uploads\/2023\/10\/mondona_521_Pure-Nut-Cream_100-Crunchy-Peanut_800x800px_96ppi_tb.png","width":800,"height":800,"caption":"mondona crunchy peanut cream"},{"@type":"BreadcrumbList","@id":"https:\/\/mondona.bio\/produkt\/crunchy-organic-roasted-peanut-cream\/#breadcrumb","itemListElement":[{"@type":"ListItem","position":1,"name":"Startseite","item":"https:\/\/mondona.bio\/"},{"@type":"ListItem","position":2,"name":"Shop","item":"https:\/\/mondona.bio\/shop\/"},{"@type":"ListItem","position":3,"name":"Crunchy Bio-Erdnussmus"}]},{"@type":"WebSite","@id":"https:\/\/mondona.bio\/#website","url":"https:\/\/mondona.bio\/","name":"mondona","description":"Bio-Obst und -Gem\u00fcse, dehydriert mit der Soft-DRY\u00ae-Methode","potentialAction":[{"@type":"SearchAction","target":{"@type":"EntryPoint","urlTemplate":"https:\/\/mondona.bio\/?s={search_term_string}"},"query-input":{"@type":"PropertyValueSpecification","valueRequired":true,"valueName":"search_term_string"}}],"inLanguage":"de"}]}},"_links":{"self":[{"href":"https:\/\/mondona.bio\/de\/wp-json\/wp\/v2\/product\/811","targetHints":{"allow":["GET"]}}],"collection":[{"href":"https:\/\/mondona.bio\/de\/wp-json\/wp\/v2\/product"}],"about":[{"href":"https:\/\/mondona.bio\/de\/wp-json\/wp\/v2\/types\/product"}],"replies":[{"embeddable":true,"href":"https:\/\/mondona.bio\/de\/wp-json\/wp\/v2\/comments?post=811"}],"wp:featuredmedia":[{"embeddable":true,"href":"https:\/\/mondona.bio\/de\/wp-json\/wp\/v2\/media\/41404"}],"wp:attachment":[{"href":"https:\/\/mondona.bio\/de\/wp-json\/wp\/v2\/media?parent=811"}],"wp:term":[{"taxonomy":"product_cat","embeddable":true,"href":"https:\/\/mondona.bio\/de\/wp-json\/wp\/v2\/product_cat?post=811"},{"taxonomy":"product_tag","embeddable":true,"href":"https:\/\/mondona.bio\/de\/wp-json\/wp\/v2\/product_tag?post=811"}],"curies":[{"name":"wp","href":"https:\/\/api.w.org\/{rel}","templated":true}]}}