{"id":265,"date":"2022-08-24T17:49:10","date_gmt":"2022-08-24T15:49:10","guid":{"rendered":"https:\/\/lcl.vitaina.bio\/diritto-di-recesso\/"},"modified":"2022-12-06T17:46:35","modified_gmt":"2022-12-06T16:46:35","slug":"diritto-di-recesso","status":"publish","type":"page","link":"https:\/\/mondona.bio\/it\/diritto-di-recesso\/","title":{"rendered":"Diritto di recesso"},"content":{"rendered":"\n<p>Il cliente ha il diritto di recedere dal presente contratto entro quattordici giorni senza doverne indicare i motivi.<\/p>\n\n<p>Il termine per il ritiro \u00e8 di quattordici giorni:<\/p>\n\n<ol class=\"wp-block-list\">\n<li>Nel caso di un contratto di acquisto, tale termine decorre dal giorno in cui il cliente o un terzo da lui indicato, diverso dallo spedizioniere, entra o \u00e8 entrato in possesso dei prodotti.<\/li>\n\n\n\n<li>Nel caso di un contratto che si riferisce a pi\u00f9 prodotti ordinati con un unico ordine, ma che vengono spediti separatamente, il termine decorre dal giorno in cui il cliente o un terzo da lui indicato, diverso dallo spedizioniere, entra o \u00e8 entrato in possesso dell&#8217;ultimo prodotto.<\/li>\n\n\n\n<li>Nel caso di un contratto per la consegna regolare di prodotti in un determinato periodo di tempo, tale termine decorre dal giorno in cui il cliente o un terzo da lui indicato, diverso dal mittente, entra o \u00e8 entrato in possesso del primo prodotto.<\/li>\n<\/ol>\n\n<p>Per esercitare il diritto di recesso, \u00e8 necessario contattarci (Vitaina Italia S.r.l., Via Colli San Paolo 7\/E, IT-04011 Aprilia (LT)) informandoci, tramite una dichiarazione inequivocabile (ad esempio comunicazione postale o e-mail), della propria volont\u00e0 di recedere dal contratto.<\/p>\n\n<p>A tal fine \u00e8 possibile utilizzare il modulo di recesso allegato.<\/p>\n\n<p>Il termine per l&#8217;esercizio del diritto di recesso si considera rispettato se la relativa comunicazione viene inviata prima della scadenza del termine.<\/p>\n\n<p>Conseguenze del recesso<\/p>\n\n<p>In caso di recesso dal presente contratto, siamo tenuti a restituire tutti i pagamenti da noi ricevuti, compresi i costi di spedizione (ad esclusione dei costi aggiuntivi derivanti dalla scelta di un metodo di spedizione diverso da quello standard da noi offerto), con effetto immediato e in ogni caso non oltre quattordici giorni dalla data di ricevimento, da parte nostra, della comunicazione relativa al recesso dal presente contratto.\u00a0Per il rimborso utilizzeremo lo stesso metodo di pagamento utilizzato dal cliente per la transazione originale, salvo quanto diversamente concordato; in nessun caso al cliente verr\u00e0 addebitato il rimborso.\u00a0\u00c8 nostra facolt\u00e0 rifiutarci di procedere al rimborso finch\u00e9 non lo riceviamo.<\/p>\n\n<p>Il cliente deve immediatamente, e in ogni caso non oltre quattordici giorni dal giorno della comunicazione dell&#8217;intenzione di esercitare il diritto di recesso, inviare o consegnare i prodotti all&#8217;indirizzo<\/p>\n\n<p><strong>Vitaina Italia S.r.l.&#13;\n<\/strong><strong>Via Colli San Paolo 7\/E&#13;\n<\/strong><strong>IT-04011 Aprilia (LT)<\/strong><\/p>\n\n<p>Il termine si considera rispettato se i prodotti vengono spediti dal cliente entro quattordici giorni.<\/p>\n\n<p>Al cliente sar\u00e0 richiesto di risarcire l&#8217;eventuale perdita di valore dei prodotti esclusivamente nel caso in cui tale perdita di valore sia dovuta a un contatto non necessario del cliente con i prodotti, per verificare lo stato, le caratteristiche e il funzionamento dei prodotti stessi.<\/p>\n\n<p>MODULO DI RECESSO<\/p>\n\n<p>Se desideri esercitare il diritto di recesso, compila il seguente modulo e invialo a:&#13;\nVitaina Italia S.r.l.&#13;\nVia Colli San Paolo 7\/E&#13;\nIT-04011 Aprilia (LT)<\/p>\n\n<p>Con la presente comunico\/informo (*) la mia\/nostra intenzione di recedere dal contratto da me\/noi (*) stipulato relativo all&#8217;acquisto dei seguenti prodotti (*) \/ alla fornitura dei seguenti servizi (*)<\/p>\n\n<p>&#8211; Ordinato il (*) \/ ricevuto il (*) ______________________________<\/p>\n\n<p>&#8211; Nome dell&#8217;utente (o degli utenti):______________________________<\/p>\n\n<p>&#8211; Numero d&#8217;ordine: ______________________________<\/p>\n\n<p>&#8211; Indirizzo dell&#8217;utente (o degli utenti):<\/p>\n\n<p>______________________________<\/p>\n\n<p>______________________________<\/p>\n\n<p>______________________________<\/p>\n\n<p>&#8211; Firma dell&#8217;utente o degli utenti (solo in caso di comunicazione cartacea):<\/p>\n\n<p>______________________________<\/p>\n\n<p>&#8211; Data:<\/p>\n\n<p>(*) Spuntare le opzioni non applicabili.<\/p>\n","protected":false},"excerpt":{"rendered":"<p>Il cliente ha il diritto di recedere dal presente contratto entro quattordici giorni senza doverne indicare i motivi. Il termine per il ritiro \u00e8 di quattordici giorni: Per esercitare il diritto di recesso, \u00e8 necessario contattarci (Vitaina Italia S.r.l., Via Colli San Paolo 7\/E, IT-04011&#8230;<\/p>\n","protected":false},"author":1,"featured_media":0,"parent":0,"menu_order":0,"comment_status":"closed","ping_status":"closed","template":"","meta":{"_acf_changed":false,"footnotes":""},"class_list":["post-265","page","type-page","status-publish","hentry"],"acf":[],"yoast_head":"<!-- This site is optimized with the Yoast SEO plugin v24.2 - https:\/\/yoast.com\/wordpress\/plugins\/seo\/ -->\n<title>Diritto di recesso - mondona<\/title>\n<meta name=\"robots\" content=\"index, follow, max-snippet:-1, max-image-preview:large, max-video-preview:-1\" \/>\n<link rel=\"canonical\" href=\"https:\/\/mondona.bio\/cancellation-policy\/\" \/>\n<meta property=\"og:locale\" content=\"it_IT\" \/>\n<meta property=\"og:type\" content=\"article\" \/>\n<meta property=\"og:title\" content=\"Diritto di recesso - mondona\" \/>\n<meta property=\"og:description\" content=\"Il cliente ha il diritto di recedere dal presente contratto entro quattordici giorni senza doverne indicare i motivi. Il termine per il ritiro \u00e8 di quattordici giorni: Per esercitare il diritto di recesso, \u00e8 necessario contattarci (Vitaina Italia S.r.l., Via Colli San Paolo 7\/E, IT-04011...\" \/>\n<meta property=\"og:url\" content=\"https:\/\/mondona.bio\/cancellation-policy\/\" \/>\n<meta property=\"og:site_name\" content=\"mondona\" \/>\n<meta property=\"article:publisher\" content=\"https:\/\/www.facebook.com\/vitaina.bio\/\" \/>\n<meta property=\"article:modified_time\" content=\"2022-12-06T16:46:35+00:00\" \/>\n<meta name=\"twitter:card\" content=\"summary_large_image\" \/>\n<meta name=\"twitter:label1\" content=\"Tempo di lettura stimato\" \/>\n\t<meta name=\"twitter:data1\" content=\"3 minuti\" \/>\n<script type=\"application\/ld+json\" class=\"yoast-schema-graph\">{\"@context\":\"https:\/\/schema.org\",\"@graph\":[{\"@type\":\"WebPage\",\"@id\":\"https:\/\/mondona.bio\/cancellation-policy\/\",\"url\":\"https:\/\/mondona.bio\/cancellation-policy\/\",\"name\":\"Diritto di recesso - mondona\",\"isPartOf\":{\"@id\":\"https:\/\/mondona.bio\/#website\"},\"datePublished\":\"2022-08-24T15:49:10+00:00\",\"dateModified\":\"2022-12-06T16:46:35+00:00\",\"breadcrumb\":{\"@id\":\"https:\/\/mondona.bio\/cancellation-policy\/#breadcrumb\"},\"inLanguage\":\"it-IT\",\"potentialAction\":[{\"@type\":\"ReadAction\",\"target\":[\"https:\/\/mondona.bio\/cancellation-policy\/\"]}]},{\"@type\":\"BreadcrumbList\",\"@id\":\"https:\/\/mondona.bio\/cancellation-policy\/#breadcrumb\",\"itemListElement\":[{\"@type\":\"ListItem\",\"position\":1,\"name\":\"Startseite\",\"item\":\"https:\/\/mondona.bio\/\"},{\"@type\":\"ListItem\",\"position\":2,\"name\":\"Diritto di recesso\"}]},{\"@type\":\"WebSite\",\"@id\":\"https:\/\/mondona.bio\/#website\",\"url\":\"https:\/\/mondona.bio\/\",\"name\":\"mondona\",\"description\":\"Frutta e verdura biologica, disidratata con metodo Soft-DRY\u00ae\",\"potentialAction\":[{\"@type\":\"SearchAction\",\"target\":{\"@type\":\"EntryPoint\",\"urlTemplate\":\"https:\/\/mondona.bio\/?s={search_term_string}\"},\"query-input\":{\"@type\":\"PropertyValueSpecification\",\"valueRequired\":true,\"valueName\":\"search_term_string\"}}],\"inLanguage\":\"it-IT\"}]}<\/script>\n<!-- \/ Yoast SEO plugin. -->","yoast_head_json":{"title":"Diritto di recesso - mondona","robots":{"index":"index","follow":"follow","max-snippet":"max-snippet:-1","max-image-preview":"max-image-preview:large","max-video-preview":"max-video-preview:-1"},"canonical":"https:\/\/mondona.bio\/cancellation-policy\/","og_locale":"it_IT","og_type":"article","og_title":"Diritto di recesso - mondona","og_description":"Il cliente ha il diritto di recedere dal presente contratto entro quattordici giorni senza doverne indicare i motivi. Il termine per il ritiro \u00e8 di quattordici giorni: Per esercitare il diritto di recesso, \u00e8 necessario contattarci (Vitaina Italia S.r.l., Via Colli San Paolo 7\/E, IT-04011...","og_url":"https:\/\/mondona.bio\/cancellation-policy\/","og_site_name":"mondona","article_publisher":"https:\/\/www.facebook.com\/vitaina.bio\/","article_modified_time":"2022-12-06T16:46:35+00:00","twitter_card":"summary_large_image","twitter_misc":{"Tempo di lettura stimato":"3 minuti"},"schema":{"@context":"https:\/\/schema.org","@graph":[{"@type":"WebPage","@id":"https:\/\/mondona.bio\/cancellation-policy\/","url":"https:\/\/mondona.bio\/cancellation-policy\/","name":"Diritto di recesso - mondona","isPartOf":{"@id":"https:\/\/mondona.bio\/#website"},"datePublished":"2022-08-24T15:49:10+00:00","dateModified":"2022-12-06T16:46:35+00:00","breadcrumb":{"@id":"https:\/\/mondona.bio\/cancellation-policy\/#breadcrumb"},"inLanguage":"it-IT","potentialAction":[{"@type":"ReadAction","target":["https:\/\/mondona.bio\/cancellation-policy\/"]}]},{"@type":"BreadcrumbList","@id":"https:\/\/mondona.bio\/cancellation-policy\/#breadcrumb","itemListElement":[{"@type":"ListItem","position":1,"name":"Startseite","item":"https:\/\/mondona.bio\/"},{"@type":"ListItem","position":2,"name":"Diritto di recesso"}]},{"@type":"WebSite","@id":"https:\/\/mondona.bio\/#website","url":"https:\/\/mondona.bio\/","name":"mondona","description":"Frutta e verdura biologica, disidratata con metodo Soft-DRY\u00ae","potentialAction":[{"@type":"SearchAction","target":{"@type":"EntryPoint","urlTemplate":"https:\/\/mondona.bio\/?s={search_term_string}"},"query-input":{"@type":"PropertyValueSpecification","valueRequired":true,"valueName":"search_term_string"}}],"inLanguage":"it-IT"}]}},"_links":{"self":[{"href":"https:\/\/mondona.bio\/it\/wp-json\/wp\/v2\/pages\/265","targetHints":{"allow":["GET"]}}],"collection":[{"href":"https:\/\/mondona.bio\/it\/wp-json\/wp\/v2\/pages"}],"about":[{"href":"https:\/\/mondona.bio\/it\/wp-json\/wp\/v2\/types\/page"}],"author":[{"embeddable":true,"href":"https:\/\/mondona.bio\/it\/wp-json\/wp\/v2\/users\/1"}],"replies":[{"embeddable":true,"href":"https:\/\/mondona.bio\/it\/wp-json\/wp\/v2\/comments?post=265"}],"version-history":[{"count":0,"href":"https:\/\/mondona.bio\/it\/wp-json\/wp\/v2\/pages\/265\/revisions"}],"wp:attachment":[{"href":"https:\/\/mondona.bio\/it\/wp-json\/wp\/v2\/media?parent=265"}],"curies":[{"name":"wp","href":"https:\/\/api.w.org\/{rel}","templated":true}]}}