{"id":274,"date":"2022-08-24T17:49:09","date_gmt":"2022-08-24T15:49:09","guid":{"rendered":"https:\/\/lcl.vitaina.bio\/spedizione-gestione\/"},"modified":"2022-11-08T09:16:05","modified_gmt":"2022-11-08T08:16:05","slug":"spedizione-gestione","status":"publish","type":"page","link":"https:\/\/mondona.bio\/it\/spedizione-gestione\/","title":{"rendered":"Spedizione &#038; Gestione"},"content":{"rendered":"\n<h2 class=\"wp-block-heading\">Spedizione<\/h2>\n\n<p>Abbiamo investito molto tempo nella selezione dei nostri partners logistici, per garantire ai nostri clienti un servizio efficiente e affidabile che permetta di rintracciare il pacco dal momento della partenza dal nostro magazzino, fino alla consegna. Contattaci per maggiori informazioni sul nostro servizio consegne, il Servizio Clienti \u00e8 a tua disposizione!<\/p>\n\n<h2 class=\"wp-block-heading\">Tempi di consegna<\/h2>\n\n<p>Gli ordini ricevuti entro le 12,30 vengono generalmente evasi nel pomeriggio dello stesso giorno, quelli ricevuti dopo le 12,30 vengono evasi il giorno successivo. Le consegne avvengono tramite trasporto via terra entro le successive 24\/48 ore (esclusi i fine settimana e i giorni festivi). Nel caso in cui si verifichi un problema al corriere durante il trasporto e il pacco non arrivi a destinazione entro i limiti di tempo previsti, vi preghiamo di segnalarcelo tempestivamente: cercheremo di risolvere la situazione nel pi\u00f9 breve tempo possibile!<\/p>\n\n<blockquote class=\"wp-block-quote is-layout-flow wp-block-quote-is-layout-flow\"><p><strong>Attenzione:<\/strong>non contattateci prima che i limiti di tempo previsti siano trascorsi, in quanto i dati necessari per poter prendere i provvedimenti del caso non sarebbero ancora disponibili.<\/p><\/blockquote>\n\n<p><strong>* Nota bene:<\/strong>\u00a0non \u00e8 possibile fornire garanzia sui tempi di evasione e consegna, perch\u00e8 le variabili in gioco sono diverse e possono verificarsi imprevisti dovuti a causa di forza maggiore. Soprattutto, una volta affidato il vostro ordine al corriere, non \u00e8 possibile determinare e garantire un tempo preciso di consegna. Quello che vi garantiamo \u00e8 il nostro assoluto impegno nell\u2019evadere il vostro ordine nelle 24 ore (salvo festivi) dalla data di ricevimento dello stesso ma \u00e8 scontato che in caso di scioperi, eventi atmosferici, festivit\u00e0 particolari, inventari di magazzino, trasferimenti di sede, modifiche ai sistemi informativi, ecc. possono esserci ritardi anche di alcuni giorni nell\u2019evasione degli ordini. In questi casi comunque viene sempre data ampia comunicazione sul sito.<\/p>\n\n<h2 class=\"wp-block-heading\">Altre informazioni sulla consegna<\/h2>\n\n<p>All\u2019arrivo a destinazione il corriere richiede alla persona che riceve il pacco una firma per avvenuta consegna. Se la persona firmataria \u00e8 diversa dal cliente il cui nome compare nell\u2019indirizzo di consegna, quest\u2019ultimo rimane comunque responsabile per il pacco e tutti gli eventuali costi che vengono ad esso associati. Gli orari di consegna del corriere vanno indicativamente dalle 8,30 fino alle 18 ed \u00e8 necessario essere disponibili in tali orari, in quanto non \u00e8 possibile scegliere un orario prefissato di consegna. Se non vi \u00e8 disponibilit\u00e0 in questi orari \u00e8 necessario richiedere il fermo deposito o chiedere la conferma presso lavoro, parenti, amici, ecc.<\/p>\n\n<p>Prima di firmare la ricevuta del corriere vi preghiamo di controllare con cura la confezione del pacco e, se questa appare in qualche modo danneggiata, scrivete accanto alla vostra firma \u2018danneggiato\u2019 oppure \u2018con riserva di controllo\u2019. Se anche la merce all\u2019interno della confezione ha subito dei danni, informateci entro 24 ore dal ricevimento del pacco e noi faremo ritirare e rimpiazzare gli articoli danneggiati entro i termini di una nuova consegna. NON possiamo accettare reclami se sulla nota di consegna appare solo la vostra firma senza ulteriori segnalazioni.<\/p>\n\n<p>Pu\u00f3 accadere che la consegna sia in ritardo per cause di forza maggiore, Vitaina Italia S.r.l. non si assume la responsabilit\u00e0 per tali ritardi se dovuti a situazioni che si verificano dopo che il pacco \u00e8 partito dal nostro magazzino (scioperi, neve, blocchi, ecc.).<\/p>\n\n<p>Se il corriere non trova nessuno all\u2019indirizzo di consegna, sar\u00e0 sua cura lasciare un messaggio con le istruzioni affinch\u00e9 vi possiate mettere direttamente in contatto con la sua azienda. Se il pacco ci viene restituito perch\u00e9 non c\u2019\u00e8 stato alcun contatto da parte vostra, vi verranno addebitati i relativi costi di trasporto.<\/p>\n\n<h2 class=\"wp-block-heading\">Spese di spedizione<\/h2>\n\n<p><strong>Le spese di spedizione sono gratuite per ordini con importo pari o superiore a \u20ac 50;<\/strong><\/p>\n\n<p>Le spedizioni verso Livigno (cap 23030) e Campione d\u2019Italia (cap 22060) sono soggette a oneri relativi a operazioni doganali che verranno comunicati in aggiunta a quanto calcolato nel carrello e sempre prima dell\u2019invio dell\u2019ordine.<\/p>\n\n<p>* Per gli ordini che prevedono l\u2019invio di pi\u00f9 pacchi o con un peso superiore a 10 Kg, verrai contattato dal Servizio Clienti per sapere le modalit\u00e0 e i costi di spedizione.<\/p>\n","protected":false},"excerpt":{"rendered":"<p>Spedizione Abbiamo investito molto tempo nella selezione dei nostri partners logistici, per garantire ai nostri clienti un servizio efficiente e affidabile che permetta di rintracciare il pacco dal momento della partenza dal nostro magazzino, fino alla consegna. Contattaci per maggiori informazioni sul nostro servizio consegne,&#8230;<\/p>\n","protected":false},"author":1,"featured_media":0,"parent":0,"menu_order":0,"comment_status":"closed","ping_status":"closed","template":"","meta":{"_acf_changed":false,"footnotes":""},"class_list":["post-274","page","type-page","status-publish","hentry"],"acf":[],"yoast_head":"<!-- This site is optimized with the Yoast SEO plugin v24.2 - https:\/\/yoast.com\/wordpress\/plugins\/seo\/ -->\n<title>Spedizione &amp; Gestione - mondona<\/title>\n<meta name=\"robots\" content=\"index, follow, max-snippet:-1, max-image-preview:large, max-video-preview:-1\" \/>\n<link rel=\"canonical\" href=\"https:\/\/mondona.bio\/shipping-handling\/\" \/>\n<meta property=\"og:locale\" content=\"it_IT\" \/>\n<meta property=\"og:type\" content=\"article\" \/>\n<meta property=\"og:title\" content=\"Spedizione &amp; Gestione - mondona\" \/>\n<meta property=\"og:description\" content=\"Spedizione Abbiamo investito molto tempo nella selezione dei nostri partners logistici, per garantire ai nostri clienti un servizio efficiente e affidabile che permetta di rintracciare il pacco dal momento della partenza dal nostro magazzino, fino alla consegna. Contattaci per maggiori informazioni sul nostro servizio consegne,...\" \/>\n<meta property=\"og:url\" content=\"https:\/\/mondona.bio\/shipping-handling\/\" \/>\n<meta property=\"og:site_name\" content=\"mondona\" \/>\n<meta property=\"article:publisher\" content=\"https:\/\/www.facebook.com\/vitaina.bio\/\" \/>\n<meta property=\"article:modified_time\" content=\"2022-11-08T08:16:05+00:00\" \/>\n<meta name=\"twitter:card\" content=\"summary_large_image\" \/>\n<meta name=\"twitter:label1\" content=\"Tempo di lettura stimato\" \/>\n\t<meta name=\"twitter:data1\" content=\"3 minuti\" \/>\n<script type=\"application\/ld+json\" class=\"yoast-schema-graph\">{\"@context\":\"https:\/\/schema.org\",\"@graph\":[{\"@type\":\"WebPage\",\"@id\":\"https:\/\/mondona.bio\/shipping-handling\/\",\"url\":\"https:\/\/mondona.bio\/shipping-handling\/\",\"name\":\"Spedizione & Gestione - mondona\",\"isPartOf\":{\"@id\":\"https:\/\/mondona.bio\/#website\"},\"datePublished\":\"2022-08-24T15:49:09+00:00\",\"dateModified\":\"2022-11-08T08:16:05+00:00\",\"breadcrumb\":{\"@id\":\"https:\/\/mondona.bio\/shipping-handling\/#breadcrumb\"},\"inLanguage\":\"it-IT\",\"potentialAction\":[{\"@type\":\"ReadAction\",\"target\":[\"https:\/\/mondona.bio\/shipping-handling\/\"]}]},{\"@type\":\"BreadcrumbList\",\"@id\":\"https:\/\/mondona.bio\/shipping-handling\/#breadcrumb\",\"itemListElement\":[{\"@type\":\"ListItem\",\"position\":1,\"name\":\"Startseite\",\"item\":\"https:\/\/mondona.bio\/\"},{\"@type\":\"ListItem\",\"position\":2,\"name\":\"Spedizione &#038; Gestione\"}]},{\"@type\":\"WebSite\",\"@id\":\"https:\/\/mondona.bio\/#website\",\"url\":\"https:\/\/mondona.bio\/\",\"name\":\"mondona\",\"description\":\"Frutta e verdura biologica, disidratata con metodo Soft-DRY\u00ae\",\"potentialAction\":[{\"@type\":\"SearchAction\",\"target\":{\"@type\":\"EntryPoint\",\"urlTemplate\":\"https:\/\/mondona.bio\/?s={search_term_string}\"},\"query-input\":{\"@type\":\"PropertyValueSpecification\",\"valueRequired\":true,\"valueName\":\"search_term_string\"}}],\"inLanguage\":\"it-IT\"}]}<\/script>\n<!-- \/ Yoast SEO plugin. -->","yoast_head_json":{"title":"Spedizione & Gestione - mondona","robots":{"index":"index","follow":"follow","max-snippet":"max-snippet:-1","max-image-preview":"max-image-preview:large","max-video-preview":"max-video-preview:-1"},"canonical":"https:\/\/mondona.bio\/shipping-handling\/","og_locale":"it_IT","og_type":"article","og_title":"Spedizione & Gestione - mondona","og_description":"Spedizione Abbiamo investito molto tempo nella selezione dei nostri partners logistici, per garantire ai nostri clienti un servizio efficiente e affidabile che permetta di rintracciare il pacco dal momento della partenza dal nostro magazzino, fino alla consegna. Contattaci per maggiori informazioni sul nostro servizio consegne,...","og_url":"https:\/\/mondona.bio\/shipping-handling\/","og_site_name":"mondona","article_publisher":"https:\/\/www.facebook.com\/vitaina.bio\/","article_modified_time":"2022-11-08T08:16:05+00:00","twitter_card":"summary_large_image","twitter_misc":{"Tempo di lettura stimato":"3 minuti"},"schema":{"@context":"https:\/\/schema.org","@graph":[{"@type":"WebPage","@id":"https:\/\/mondona.bio\/shipping-handling\/","url":"https:\/\/mondona.bio\/shipping-handling\/","name":"Spedizione & Gestione - mondona","isPartOf":{"@id":"https:\/\/mondona.bio\/#website"},"datePublished":"2022-08-24T15:49:09+00:00","dateModified":"2022-11-08T08:16:05+00:00","breadcrumb":{"@id":"https:\/\/mondona.bio\/shipping-handling\/#breadcrumb"},"inLanguage":"it-IT","potentialAction":[{"@type":"ReadAction","target":["https:\/\/mondona.bio\/shipping-handling\/"]}]},{"@type":"BreadcrumbList","@id":"https:\/\/mondona.bio\/shipping-handling\/#breadcrumb","itemListElement":[{"@type":"ListItem","position":1,"name":"Startseite","item":"https:\/\/mondona.bio\/"},{"@type":"ListItem","position":2,"name":"Spedizione &#038; Gestione"}]},{"@type":"WebSite","@id":"https:\/\/mondona.bio\/#website","url":"https:\/\/mondona.bio\/","name":"mondona","description":"Frutta e verdura biologica, disidratata con metodo Soft-DRY\u00ae","potentialAction":[{"@type":"SearchAction","target":{"@type":"EntryPoint","urlTemplate":"https:\/\/mondona.bio\/?s={search_term_string}"},"query-input":{"@type":"PropertyValueSpecification","valueRequired":true,"valueName":"search_term_string"}}],"inLanguage":"it-IT"}]}},"_links":{"self":[{"href":"https:\/\/mondona.bio\/it\/wp-json\/wp\/v2\/pages\/274","targetHints":{"allow":["GET"]}}],"collection":[{"href":"https:\/\/mondona.bio\/it\/wp-json\/wp\/v2\/pages"}],"about":[{"href":"https:\/\/mondona.bio\/it\/wp-json\/wp\/v2\/types\/page"}],"author":[{"embeddable":true,"href":"https:\/\/mondona.bio\/it\/wp-json\/wp\/v2\/users\/1"}],"replies":[{"embeddable":true,"href":"https:\/\/mondona.bio\/it\/wp-json\/wp\/v2\/comments?post=274"}],"version-history":[{"count":0,"href":"https:\/\/mondona.bio\/it\/wp-json\/wp\/v2\/pages\/274\/revisions"}],"wp:attachment":[{"href":"https:\/\/mondona.bio\/it\/wp-json\/wp\/v2\/media?parent=274"}],"curies":[{"name":"wp","href":"https:\/\/api.w.org\/{rel}","templated":true}]}}