{"id":1253,"date":"2022-11-29T16:10:22","date_gmt":"2022-11-29T15:10:22","guid":{"rendered":"https:\/\/vitaina.asirokas.com\/product\/organic-pineapple\/"},"modified":"2024-01-25T11:07:50","modified_gmt":"2024-01-25T10:07:50","slug":"organic-pineapple","status":"publish","type":"product","link":"https:\/\/mondona.bio\/it\/product\/organic-pineapple\/","title":{"rendered":"Ananas Bio"},"content":{"rendered":"<p>Questo prodotto e tutti gli altri prodotti Soft-DRY\u00ae sono diversi da qualsiasi cosa tu abbia mai provato prima. Soft-DRY\u00ae rappresenta l&#8217;eccellenza ed \u00e8 il metodo di essiccazione pi\u00f9 naturale e meno invasivo. \u00c8 in grado di mantenere e, in alcuni casi, addirittura migliorare la qualit\u00e0 dei prodotti originali, dando vita a un perfetto spuntino naturale e salutare da portare ovunque con te.<\/p>\n<p>Durante questo processo, i prodotti freschi biologici vengono accuratamente selezionati e raccolti a mano al giusto grado di maturazione. Seguono poi una serie di fasi di lavorazione manuale prima di essere disidratati delicatamente. Alcune noci, semi e anche una piccola selezione di frutti e bacche si disidratano naturalmente sulla pianta quando sono ancora protetti dal guscio o dalle foglie della pianta.<\/p>\n<p>In entrambi i casi, le condizioni sono molto simili e i prodotti non sono esposti a temperature superiori a 42 \u02daC, per cui conservano la loro qualit\u00e0 crudista. Sia che madre natura faccia il lavoro, sia che lo facciamo noi grazie a tecnologie avanzate e innovative, alla fine il prodotto finale risulta essere della migliore qualit\u00e0 possibile.<\/p>\n<p>I nostri snack Soft-DRY\u00ae sono tutti biologici, vegani, crudi e senza glutine. Rappresentano un modo funzionale e intelligente di arricchire la tua dieta con un&#8217;ottima fonte di energia, fibre, vitamine e sali minerali e allo stesso tempo sono incredibilmente deliziosi.<\/p>\n<p>Cosa aspetti, provali subito!<\/p>\n","protected":false},"excerpt":{"rendered":"<p>Ananas biologico disidratato delicatamente (Soft-DRY\u00ae).<\/p>\n","protected":false},"featured_media":41233,"comment_status":"closed","ping_status":"closed","template":"","meta":{"_acf_changed":false},"product_cat":[101,97],"product_tag":[],"class_list":{"0":"post-1253","1":"product","2":"type-product","3":"status-publish","4":"has-post-thumbnail","6":"product_application-cocktail-it","7":"product_application-colazione-porridge","8":"product_application-cucina-ricette","9":"product_application-dopo-lallenamento","10":"product_application-prima-dellallenamento","11":"product_application-spuntino-sano","12":"product_application-te-freddo","13":"product_application-te-tisana","14":"product_market-b2c","15":"product_cat-pura-frutta","16":"product_cat-soft-dry-it","17":"pa_net-weight-33","18":"pa_properties-biologico","19":"pa_properties-crudo","20":"pa_properties-senza-glutine","21":"pa_properties-senza-lattosio","22":"pa_properties-vegan-it","24":"first","25":"outofstock","26":"taxable","27":"shipping-taxable","28":"purchasable","29":"product-type-simple"},"acf":[],"yoast_head":"<!-- This site is optimized with the Yoast SEO plugin v24.2 - https:\/\/yoast.com\/wordpress\/plugins\/seo\/ -->\n<title>Ananas Bio - mondona<\/title>\n<meta name=\"robots\" content=\"index, follow, max-snippet:-1, max-image-preview:large, max-video-preview:-1\" \/>\n<link rel=\"canonical\" href=\"https:\/\/mondona.bio\/product\/organic-pineapple\/\" \/>\n<meta property=\"og:locale\" content=\"it_IT\" \/>\n<meta property=\"og:type\" content=\"article\" \/>\n<meta property=\"og:title\" content=\"Ananas Bio - mondona\" \/>\n<meta property=\"og:description\" content=\"Ananas biologico disidratato delicatamente (Soft-DRY\u00ae).\" \/>\n<meta property=\"og:url\" content=\"https:\/\/mondona.bio\/product\/organic-pineapple\/\" \/>\n<meta property=\"og:site_name\" content=\"mondona\" \/>\n<meta property=\"article:publisher\" content=\"https:\/\/www.facebook.com\/vitaina.bio\/\" \/>\n<meta property=\"article:modified_time\" content=\"2024-01-25T10:07:50+00:00\" \/>\n<meta property=\"og:image\" content=\"https:\/\/mondona.bio\/wp-content\/uploads\/2023\/10\/mondona_243_Pure-Fruits_Pineapple_800x800px_96ppi_tb.png\" \/>\n\t<meta property=\"og:image:width\" content=\"800\" \/>\n\t<meta property=\"og:image:height\" content=\"800\" \/>\n\t<meta property=\"og:image:type\" content=\"image\/png\" \/>\n<meta name=\"twitter:card\" content=\"summary_large_image\" \/>\n<meta name=\"twitter:label1\" content=\"Tempo di lettura stimato\" \/>\n\t<meta name=\"twitter:data1\" content=\"1 minuto\" \/>\n<script type=\"application\/ld+json\" class=\"yoast-schema-graph\">{\"@context\":\"https:\/\/schema.org\",\"@graph\":[{\"@type\":\"WebPage\",\"@id\":\"https:\/\/mondona.bio\/product\/organic-pineapple\/\",\"url\":\"https:\/\/mondona.bio\/product\/organic-pineapple\/\",\"name\":\"Ananas Bio - mondona\",\"isPartOf\":{\"@id\":\"https:\/\/mondona.bio\/#website\"},\"primaryImageOfPage\":{\"@id\":\"https:\/\/mondona.bio\/product\/organic-pineapple\/#primaryimage\"},\"image\":{\"@id\":\"https:\/\/mondona.bio\/product\/organic-pineapple\/#primaryimage\"},\"thumbnailUrl\":\"https:\/\/mondona.bio\/wp-content\/uploads\/2023\/10\/mondona_243_Pure-Fruits_Pineapple_800x800px_96ppi_tb.png\",\"datePublished\":\"2022-11-29T15:10:22+00:00\",\"dateModified\":\"2024-01-25T10:07:50+00:00\",\"breadcrumb\":{\"@id\":\"https:\/\/mondona.bio\/product\/organic-pineapple\/#breadcrumb\"},\"inLanguage\":\"it-IT\",\"potentialAction\":[{\"@type\":\"ReadAction\",\"target\":[\"https:\/\/mondona.bio\/product\/organic-pineapple\/\"]}]},{\"@type\":\"ImageObject\",\"inLanguage\":\"it-IT\",\"@id\":\"https:\/\/mondona.bio\/product\/organic-pineapple\/#primaryimage\",\"url\":\"https:\/\/mondona.bio\/wp-content\/uploads\/2023\/10\/mondona_243_Pure-Fruits_Pineapple_800x800px_96ppi_tb.png\",\"contentUrl\":\"https:\/\/mondona.bio\/wp-content\/uploads\/2023\/10\/mondona_243_Pure-Fruits_Pineapple_800x800px_96ppi_tb.png\",\"width\":800,\"height\":800,\"caption\":\"mondona dehydrated pineapple\"},{\"@type\":\"BreadcrumbList\",\"@id\":\"https:\/\/mondona.bio\/product\/organic-pineapple\/#breadcrumb\",\"itemListElement\":[{\"@type\":\"ListItem\",\"position\":1,\"name\":\"Startseite\",\"item\":\"https:\/\/mondona.bio\/\"},{\"@type\":\"ListItem\",\"position\":2,\"name\":\"Shop\",\"item\":\"https:\/\/mondona.bio\/shop\/\"},{\"@type\":\"ListItem\",\"position\":3,\"name\":\"Ananas Bio\"}]},{\"@type\":\"WebSite\",\"@id\":\"https:\/\/mondona.bio\/#website\",\"url\":\"https:\/\/mondona.bio\/\",\"name\":\"mondona\",\"description\":\"Frutta e verdura biologica, disidratata con metodo Soft-DRY\u00ae\",\"potentialAction\":[{\"@type\":\"SearchAction\",\"target\":{\"@type\":\"EntryPoint\",\"urlTemplate\":\"https:\/\/mondona.bio\/?s={search_term_string}\"},\"query-input\":{\"@type\":\"PropertyValueSpecification\",\"valueRequired\":true,\"valueName\":\"search_term_string\"}}],\"inLanguage\":\"it-IT\"}]}<\/script>\n<!-- \/ Yoast SEO plugin. -->","yoast_head_json":{"title":"Ananas Bio - mondona","robots":{"index":"index","follow":"follow","max-snippet":"max-snippet:-1","max-image-preview":"max-image-preview:large","max-video-preview":"max-video-preview:-1"},"canonical":"https:\/\/mondona.bio\/product\/organic-pineapple\/","og_locale":"it_IT","og_type":"article","og_title":"Ananas Bio - mondona","og_description":"Ananas biologico disidratato delicatamente (Soft-DRY\u00ae).","og_url":"https:\/\/mondona.bio\/product\/organic-pineapple\/","og_site_name":"mondona","article_publisher":"https:\/\/www.facebook.com\/vitaina.bio\/","article_modified_time":"2024-01-25T10:07:50+00:00","og_image":[{"width":800,"height":800,"url":"https:\/\/mondona.bio\/wp-content\/uploads\/2023\/10\/mondona_243_Pure-Fruits_Pineapple_800x800px_96ppi_tb.png","type":"image\/png"}],"twitter_card":"summary_large_image","twitter_misc":{"Tempo di lettura stimato":"1 minuto"},"schema":{"@context":"https:\/\/schema.org","@graph":[{"@type":"WebPage","@id":"https:\/\/mondona.bio\/product\/organic-pineapple\/","url":"https:\/\/mondona.bio\/product\/organic-pineapple\/","name":"Ananas Bio - mondona","isPartOf":{"@id":"https:\/\/mondona.bio\/#website"},"primaryImageOfPage":{"@id":"https:\/\/mondona.bio\/product\/organic-pineapple\/#primaryimage"},"image":{"@id":"https:\/\/mondona.bio\/product\/organic-pineapple\/#primaryimage"},"thumbnailUrl":"https:\/\/mondona.bio\/wp-content\/uploads\/2023\/10\/mondona_243_Pure-Fruits_Pineapple_800x800px_96ppi_tb.png","datePublished":"2022-11-29T15:10:22+00:00","dateModified":"2024-01-25T10:07:50+00:00","breadcrumb":{"@id":"https:\/\/mondona.bio\/product\/organic-pineapple\/#breadcrumb"},"inLanguage":"it-IT","potentialAction":[{"@type":"ReadAction","target":["https:\/\/mondona.bio\/product\/organic-pineapple\/"]}]},{"@type":"ImageObject","inLanguage":"it-IT","@id":"https:\/\/mondona.bio\/product\/organic-pineapple\/#primaryimage","url":"https:\/\/mondona.bio\/wp-content\/uploads\/2023\/10\/mondona_243_Pure-Fruits_Pineapple_800x800px_96ppi_tb.png","contentUrl":"https:\/\/mondona.bio\/wp-content\/uploads\/2023\/10\/mondona_243_Pure-Fruits_Pineapple_800x800px_96ppi_tb.png","width":800,"height":800,"caption":"mondona dehydrated pineapple"},{"@type":"BreadcrumbList","@id":"https:\/\/mondona.bio\/product\/organic-pineapple\/#breadcrumb","itemListElement":[{"@type":"ListItem","position":1,"name":"Startseite","item":"https:\/\/mondona.bio\/"},{"@type":"ListItem","position":2,"name":"Shop","item":"https:\/\/mondona.bio\/shop\/"},{"@type":"ListItem","position":3,"name":"Ananas Bio"}]},{"@type":"WebSite","@id":"https:\/\/mondona.bio\/#website","url":"https:\/\/mondona.bio\/","name":"mondona","description":"Frutta e verdura biologica, disidratata con metodo Soft-DRY\u00ae","potentialAction":[{"@type":"SearchAction","target":{"@type":"EntryPoint","urlTemplate":"https:\/\/mondona.bio\/?s={search_term_string}"},"query-input":{"@type":"PropertyValueSpecification","valueRequired":true,"valueName":"search_term_string"}}],"inLanguage":"it-IT"}]}},"_links":{"self":[{"href":"https:\/\/mondona.bio\/it\/wp-json\/wp\/v2\/product\/1253","targetHints":{"allow":["GET"]}}],"collection":[{"href":"https:\/\/mondona.bio\/it\/wp-json\/wp\/v2\/product"}],"about":[{"href":"https:\/\/mondona.bio\/it\/wp-json\/wp\/v2\/types\/product"}],"replies":[{"embeddable":true,"href":"https:\/\/mondona.bio\/it\/wp-json\/wp\/v2\/comments?post=1253"}],"wp:featuredmedia":[{"embeddable":true,"href":"https:\/\/mondona.bio\/it\/wp-json\/wp\/v2\/media\/41233"}],"wp:attachment":[{"href":"https:\/\/mondona.bio\/it\/wp-json\/wp\/v2\/media?parent=1253"}],"wp:term":[{"taxonomy":"product_cat","embeddable":true,"href":"https:\/\/mondona.bio\/it\/wp-json\/wp\/v2\/product_cat?post=1253"},{"taxonomy":"product_tag","embeddable":true,"href":"https:\/\/mondona.bio\/it\/wp-json\/wp\/v2\/product_tag?post=1253"}],"curies":[{"name":"wp","href":"https:\/\/api.w.org\/{rel}","templated":true}]}}