{"id":40858,"date":"2023-02-20T17:21:46","date_gmt":"2023-02-20T16:21:46","guid":{"rendered":"https:\/\/vitaina.bio\/product\/welcome-bundle\/"},"modified":"2023-03-22T12:16:10","modified_gmt":"2023-03-22T11:16:10","slug":"welcome-bundle","status":"publish","type":"product","link":"https:\/\/mondona.bio\/it\/product\/welcome-bundle\/","title":{"rendered":"Welcome Bundle"},"content":{"rendered":"<p>Ti presentiamo il nostro Welcome Bundle tutto-in-uno per uno stile di vita sano &#8211; perfetto per le giornate impegnative, le attivit\u00e0 sportive o le riunioni familiari! Con un totale di 8 prodotti premium, questo pacchetto include 6 Doypack della nostra selezione di frutta disidratata e frutta secca Soft-DRY\u00ae: la deliziosa <strong>Mela Rossa Bio Demeter\u00ae<\/strong>, la <strong>Albicocca Bio<\/strong>, il <strong>Kiwi Verde Bio Demeter\u00ae<\/strong>, gli <strong>Anacardi Bio<\/strong>, il <strong>Vitality-Mix Bio<\/strong> e il <strong>Tropical-Mix Bio<\/strong>. Tutta la nostra gamma Soft-DRY\u00ae \u00e8 biologica, vegana, cruda, senza glutine e completamente naturale: lo spuntino sano e perfetto per mantenerti carico durante il giorno.<\/p>\n<p>Ma non \u00e8 tutto! Abbiamo incluso anche 2 delle nostre creme pi\u00f9 vendute: <strong>Anacardi e Lamponi Bio<\/strong> e <strong>100% Arachidi Bio Crunchy<\/strong>. Realizzate con la nostra migliore frutta secca e frutta disidratata Soft-DRY\u00ae, senza additivi o conservanti, le nostre creme sono il complemento perfetto alle vostre meravigliose ricette e alla vostra snack routine. Insieme ai nostri Mix di frutta disidratata e frutta secca biologica, offrono ancora pi\u00f9 variet\u00e0 e propriet\u00e0 salutari.<\/p>\n<p>Sperimenta il nostro snack bundle ed eleva la tua giornata con i nostri migliori prodotti, ricchi di vitamine e sali minerali. Questo pacchetto di benvenuto \u00e8 il punto di partenza perfetto per chi vuole provare i nostri prodotti per la prima volta. Ordina ora e assapora\u00a0la\u00a0differenza!<\/p>\n","protected":false},"excerpt":{"rendered":"<p>1x Crema Crunchy di Arachidi tostate Bio, 1x Albicocca Bio, 1x Crema di Anacardi e Lamponi Bio, 1x Anacardi Bio, 1x Kiwi Verde Bio Demeter\u00ae, 1x Mela Rossa Bio Demeter\u00ae, 1x Tropical-Mix Bio, 1x Vitality-Mix-Bio.<\/p>\n","protected":false},"featured_media":40854,"comment_status":"closed","ping_status":"closed","template":"","meta":{"_acf_changed":false},"product_cat":[218],"product_tag":[],"class_list":{"0":"post-40858","1":"product","2":"type-product","3":"status-publish","4":"has-post-thumbnail","6":"product_application-colazione-porridge","7":"product_application-cucina-ricette","8":"product_application-dopo-lallenamento","9":"product_application-prima-dellallenamento","10":"product_application-spuntino-sano","11":"product_market-b2c","12":"product_cat-bundle","13":"pa_net-weight-219","14":"pa_properties-biologico","15":"pa_properties-crudo","16":"pa_properties-demeter-it","17":"pa_properties-senza-glutine","18":"pa_properties-senza-lattosio","19":"pa_properties-vegan-it","21":"first","22":"outofstock","23":"sale","24":"taxable","25":"shipping-taxable","26":"purchasable","27":"product-type-simple"},"acf":[],"yoast_head":"<!-- This site is optimized with the Yoast SEO plugin v24.2 - https:\/\/yoast.com\/wordpress\/plugins\/seo\/ -->\n<title>Welcome Bundle - mondona<\/title>\n<meta name=\"robots\" content=\"index, follow, max-snippet:-1, max-image-preview:large, max-video-preview:-1\" \/>\n<link rel=\"canonical\" href=\"https:\/\/mondona.bio\/product\/welcome-bundle\/\" \/>\n<meta property=\"og:locale\" content=\"it_IT\" \/>\n<meta property=\"og:type\" content=\"article\" \/>\n<meta property=\"og:title\" content=\"Welcome Bundle - mondona\" \/>\n<meta property=\"og:description\" content=\"1x Crema Crunchy di Arachidi tostate Bio, 1x Albicocca Bio, 1x Crema di Anacardi e Lamponi Bio, 1x Anacardi Bio, 1x Kiwi Verde Bio Demeter\u00ae, 1x Mela Rossa Bio Demeter\u00ae, 1x Tropical-Mix Bio, 1x Vitality-Mix-Bio.\" \/>\n<meta property=\"og:url\" content=\"https:\/\/mondona.bio\/product\/welcome-bundle\/\" \/>\n<meta property=\"og:site_name\" content=\"mondona\" \/>\n<meta property=\"article:publisher\" content=\"https:\/\/www.facebook.com\/vitaina.bio\/\" \/>\n<meta property=\"article:modified_time\" content=\"2023-03-22T11:16:10+00:00\" \/>\n<meta property=\"og:image\" content=\"https:\/\/mondona.bio\/wp-content\/uploads\/2023\/02\/Vitaina_999_Bundle_Welcome-Pack-2023_800x800px_96ppi_tb.png\" \/>\n\t<meta property=\"og:image:width\" content=\"800\" \/>\n\t<meta property=\"og:image:height\" content=\"800\" \/>\n\t<meta property=\"og:image:type\" content=\"image\/png\" \/>\n<meta name=\"twitter:card\" content=\"summary_large_image\" \/>\n<meta name=\"twitter:label1\" content=\"Tempo di lettura stimato\" \/>\n\t<meta name=\"twitter:data1\" content=\"1 minuto\" \/>\n<script type=\"application\/ld+json\" class=\"yoast-schema-graph\">{\"@context\":\"https:\/\/schema.org\",\"@graph\":[{\"@type\":\"WebPage\",\"@id\":\"https:\/\/mondona.bio\/product\/welcome-bundle\/\",\"url\":\"https:\/\/mondona.bio\/product\/welcome-bundle\/\",\"name\":\"Welcome Bundle - mondona\",\"isPartOf\":{\"@id\":\"https:\/\/mondona.bio\/#website\"},\"primaryImageOfPage\":{\"@id\":\"https:\/\/mondona.bio\/product\/welcome-bundle\/#primaryimage\"},\"image\":{\"@id\":\"https:\/\/mondona.bio\/product\/welcome-bundle\/#primaryimage\"},\"thumbnailUrl\":\"https:\/\/mondona.bio\/wp-content\/uploads\/2023\/02\/Vitaina_999_Bundle_Welcome-Pack-2023_800x800px_96ppi_tb.png\",\"datePublished\":\"2023-02-20T16:21:46+00:00\",\"dateModified\":\"2023-03-22T11:16:10+00:00\",\"breadcrumb\":{\"@id\":\"https:\/\/mondona.bio\/product\/welcome-bundle\/#breadcrumb\"},\"inLanguage\":\"it-IT\",\"potentialAction\":[{\"@type\":\"ReadAction\",\"target\":[\"https:\/\/mondona.bio\/product\/welcome-bundle\/\"]}]},{\"@type\":\"ImageObject\",\"inLanguage\":\"it-IT\",\"@id\":\"https:\/\/mondona.bio\/product\/welcome-bundle\/#primaryimage\",\"url\":\"https:\/\/mondona.bio\/wp-content\/uploads\/2023\/02\/Vitaina_999_Bundle_Welcome-Pack-2023_800x800px_96ppi_tb.png\",\"contentUrl\":\"https:\/\/mondona.bio\/wp-content\/uploads\/2023\/02\/Vitaina_999_Bundle_Welcome-Pack-2023_800x800px_96ppi_tb.png\",\"width\":800,\"height\":800},{\"@type\":\"BreadcrumbList\",\"@id\":\"https:\/\/mondona.bio\/product\/welcome-bundle\/#breadcrumb\",\"itemListElement\":[{\"@type\":\"ListItem\",\"position\":1,\"name\":\"Startseite\",\"item\":\"https:\/\/mondona.bio\/\"},{\"@type\":\"ListItem\",\"position\":2,\"name\":\"Shop\",\"item\":\"https:\/\/mondona.bio\/shop\/\"},{\"@type\":\"ListItem\",\"position\":3,\"name\":\"Welcome Bundle\"}]},{\"@type\":\"WebSite\",\"@id\":\"https:\/\/mondona.bio\/#website\",\"url\":\"https:\/\/mondona.bio\/\",\"name\":\"mondona\",\"description\":\"Frutta e verdura biologica, disidratata con metodo Soft-DRY\u00ae\",\"potentialAction\":[{\"@type\":\"SearchAction\",\"target\":{\"@type\":\"EntryPoint\",\"urlTemplate\":\"https:\/\/mondona.bio\/?s={search_term_string}\"},\"query-input\":{\"@type\":\"PropertyValueSpecification\",\"valueRequired\":true,\"valueName\":\"search_term_string\"}}],\"inLanguage\":\"it-IT\"}]}<\/script>\n<!-- \/ Yoast SEO plugin. -->","yoast_head_json":{"title":"Welcome Bundle - mondona","robots":{"index":"index","follow":"follow","max-snippet":"max-snippet:-1","max-image-preview":"max-image-preview:large","max-video-preview":"max-video-preview:-1"},"canonical":"https:\/\/mondona.bio\/product\/welcome-bundle\/","og_locale":"it_IT","og_type":"article","og_title":"Welcome Bundle - mondona","og_description":"1x Crema Crunchy di Arachidi tostate Bio, 1x Albicocca Bio, 1x Crema di Anacardi e Lamponi Bio, 1x Anacardi Bio, 1x Kiwi Verde Bio Demeter\u00ae, 1x Mela Rossa Bio Demeter\u00ae, 1x Tropical-Mix Bio, 1x Vitality-Mix-Bio.","og_url":"https:\/\/mondona.bio\/product\/welcome-bundle\/","og_site_name":"mondona","article_publisher":"https:\/\/www.facebook.com\/vitaina.bio\/","article_modified_time":"2023-03-22T11:16:10+00:00","og_image":[{"width":800,"height":800,"url":"https:\/\/mondona.bio\/wp-content\/uploads\/2023\/02\/Vitaina_999_Bundle_Welcome-Pack-2023_800x800px_96ppi_tb.png","type":"image\/png"}],"twitter_card":"summary_large_image","twitter_misc":{"Tempo di lettura stimato":"1 minuto"},"schema":{"@context":"https:\/\/schema.org","@graph":[{"@type":"WebPage","@id":"https:\/\/mondona.bio\/product\/welcome-bundle\/","url":"https:\/\/mondona.bio\/product\/welcome-bundle\/","name":"Welcome Bundle - mondona","isPartOf":{"@id":"https:\/\/mondona.bio\/#website"},"primaryImageOfPage":{"@id":"https:\/\/mondona.bio\/product\/welcome-bundle\/#primaryimage"},"image":{"@id":"https:\/\/mondona.bio\/product\/welcome-bundle\/#primaryimage"},"thumbnailUrl":"https:\/\/mondona.bio\/wp-content\/uploads\/2023\/02\/Vitaina_999_Bundle_Welcome-Pack-2023_800x800px_96ppi_tb.png","datePublished":"2023-02-20T16:21:46+00:00","dateModified":"2023-03-22T11:16:10+00:00","breadcrumb":{"@id":"https:\/\/mondona.bio\/product\/welcome-bundle\/#breadcrumb"},"inLanguage":"it-IT","potentialAction":[{"@type":"ReadAction","target":["https:\/\/mondona.bio\/product\/welcome-bundle\/"]}]},{"@type":"ImageObject","inLanguage":"it-IT","@id":"https:\/\/mondona.bio\/product\/welcome-bundle\/#primaryimage","url":"https:\/\/mondona.bio\/wp-content\/uploads\/2023\/02\/Vitaina_999_Bundle_Welcome-Pack-2023_800x800px_96ppi_tb.png","contentUrl":"https:\/\/mondona.bio\/wp-content\/uploads\/2023\/02\/Vitaina_999_Bundle_Welcome-Pack-2023_800x800px_96ppi_tb.png","width":800,"height":800},{"@type":"BreadcrumbList","@id":"https:\/\/mondona.bio\/product\/welcome-bundle\/#breadcrumb","itemListElement":[{"@type":"ListItem","position":1,"name":"Startseite","item":"https:\/\/mondona.bio\/"},{"@type":"ListItem","position":2,"name":"Shop","item":"https:\/\/mondona.bio\/shop\/"},{"@type":"ListItem","position":3,"name":"Welcome Bundle"}]},{"@type":"WebSite","@id":"https:\/\/mondona.bio\/#website","url":"https:\/\/mondona.bio\/","name":"mondona","description":"Frutta e verdura biologica, disidratata con metodo Soft-DRY\u00ae","potentialAction":[{"@type":"SearchAction","target":{"@type":"EntryPoint","urlTemplate":"https:\/\/mondona.bio\/?s={search_term_string}"},"query-input":{"@type":"PropertyValueSpecification","valueRequired":true,"valueName":"search_term_string"}}],"inLanguage":"it-IT"}]}},"_links":{"self":[{"href":"https:\/\/mondona.bio\/it\/wp-json\/wp\/v2\/product\/40858","targetHints":{"allow":["GET"]}}],"collection":[{"href":"https:\/\/mondona.bio\/it\/wp-json\/wp\/v2\/product"}],"about":[{"href":"https:\/\/mondona.bio\/it\/wp-json\/wp\/v2\/types\/product"}],"replies":[{"embeddable":true,"href":"https:\/\/mondona.bio\/it\/wp-json\/wp\/v2\/comments?post=40858"}],"wp:featuredmedia":[{"embeddable":true,"href":"https:\/\/mondona.bio\/it\/wp-json\/wp\/v2\/media\/40854"}],"wp:attachment":[{"href":"https:\/\/mondona.bio\/it\/wp-json\/wp\/v2\/media?parent=40858"}],"wp:term":[{"taxonomy":"product_cat","embeddable":true,"href":"https:\/\/mondona.bio\/it\/wp-json\/wp\/v2\/product_cat?post=40858"},{"taxonomy":"product_tag","embeddable":true,"href":"https:\/\/mondona.bio\/it\/wp-json\/wp\/v2\/product_tag?post=40858"}],"curies":[{"name":"wp","href":"https:\/\/api.w.org\/{rel}","templated":true}]}}