{"id":824,"date":"2022-12-02T14:52:11","date_gmt":"2022-12-02T13:52:11","guid":{"rendered":"https:\/\/vitaina.asirokas.com\/product\/organic-white-almond-cream\/"},"modified":"2023-02-22T15:35:07","modified_gmt":"2023-02-22T14:35:07","slug":"organic-white-almond-cream","status":"publish","type":"product","link":"https:\/\/mondona.bio\/it\/product\/organic-white-almond-cream\/","title":{"rendered":"Crema Bianca di Mandorle pelate Bio"},"content":{"rendered":"<p>Questo prodotto fa parte della nostra nuovissima e meravigliosa linea di creme. mondona \u00e8 sinonimo di eccellenza, qualit\u00e0 superiore e prodotti veramente salutari, ed \u00e8 per questo che utilizziamo solo i migliori ingredienti per le nostre creme deliziose, biologiche e vegane. Sono irresistibili e allo stesso tempo un modo funzionale e intelligente per arricchire la tua dieta di grassi sani, fibre, proteine e micronutrienti.<\/p>\n<p>Se confronti i diversi prodotti presenti sul mercato, troverai ingredienti a basso costo come oli, zuccheri e derivati del latte. Questi riempitivi sono spesso utilizzati per ridurre il contenuto di ingredienti costosi e per aumentare i profitti. Nelle nostre creme non troverai mai filler a basso costo e noterai che manteniamo la lista degli ingredienti corta e pulita. Ti consigliamo di leggere il retro delle etichette, di mettere in dubbio ci\u00f2 che la pubblicit\u00e0 ti promette e di farti una tua opinione.<\/p>\n<p>Goditi le nostre creme nel tuo muesli o porridge mattutino, sui pancake, nei frullati o negli shake durante il viaggio. Le applicazioni possibili sono infinite. Usa la tua immaginazione e creativit\u00e0 o ispirati alle nostre bellissime ricette. Le nostre creme uniche sono perfette anche per i celiaci perch\u00e9 sono tutte senza glutine.<\/p>\n<p>Cosa aspetti, provale subito!<\/p>\n","protected":false},"excerpt":{"rendered":"<p>100% crema bianca di mandorle pelate biologiche.<\/p>\n","protected":false},"featured_media":41387,"comment_status":"closed","ping_status":"closed","template":"","meta":{"_acf_changed":false},"product_cat":[96,196],"product_tag":[],"class_list":{"0":"post-824","1":"product","2":"type-product","3":"status-publish","4":"has-post-thumbnail","6":"product_application-colazione-porridge","7":"product_application-cucina-ricette","8":"product_application-dopo-lallenamento","9":"product_application-prima-dellallenamento","10":"product_application-spuntino-sano","11":"product_market-b2c","12":"product_cat-creme","13":"product_cat-creme-pure-di-frutta-secca","14":"pa_net-weight-93","15":"pa_properties-biologico","16":"pa_properties-crudo","17":"pa_properties-senza-glutine","18":"pa_properties-senza-lattosio","19":"pa_properties-vegan-it","21":"first","22":"outofstock","23":"taxable","24":"shipping-taxable","25":"purchasable","26":"product-type-simple"},"acf":[],"yoast_head":"<!-- This site is optimized with the Yoast SEO plugin v24.2 - https:\/\/yoast.com\/wordpress\/plugins\/seo\/ -->\n<title>Crema Bianca di Mandorle pelate Bio - mondona<\/title>\n<meta name=\"robots\" content=\"index, follow, max-snippet:-1, max-image-preview:large, max-video-preview:-1\" \/>\n<link rel=\"canonical\" href=\"https:\/\/mondona.bio\/product\/organic-white-almond-cream\/\" \/>\n<meta property=\"og:locale\" content=\"it_IT\" \/>\n<meta property=\"og:type\" content=\"article\" \/>\n<meta property=\"og:title\" content=\"Crema Bianca di Mandorle pelate Bio - mondona\" \/>\n<meta property=\"og:description\" content=\"100% crema bianca di mandorle pelate biologiche.\" \/>\n<meta property=\"og:url\" content=\"https:\/\/mondona.bio\/product\/organic-white-almond-cream\/\" \/>\n<meta property=\"og:site_name\" content=\"mondona\" \/>\n<meta property=\"article:publisher\" content=\"https:\/\/www.facebook.com\/vitaina.bio\/\" \/>\n<meta property=\"article:modified_time\" content=\"2023-02-22T14:35:07+00:00\" \/>\n<meta property=\"og:image\" content=\"https:\/\/mondona.bio\/wp-content\/uploads\/2023\/10\/mondona_515_Pure-Nut-Cream_100-Almond-Without-Skin_800x800px_96ppi_tb.png\" \/>\n\t<meta property=\"og:image:width\" content=\"800\" \/>\n\t<meta property=\"og:image:height\" content=\"800\" \/>\n\t<meta property=\"og:image:type\" content=\"image\/png\" \/>\n<meta name=\"twitter:card\" content=\"summary_large_image\" \/>\n<meta name=\"twitter:label1\" content=\"Tempo di lettura stimato\" \/>\n\t<meta name=\"twitter:data1\" content=\"2 minuti\" \/>\n<script type=\"application\/ld+json\" class=\"yoast-schema-graph\">{\"@context\":\"https:\/\/schema.org\",\"@graph\":[{\"@type\":\"WebPage\",\"@id\":\"https:\/\/mondona.bio\/product\/organic-white-almond-cream\/\",\"url\":\"https:\/\/mondona.bio\/product\/organic-white-almond-cream\/\",\"name\":\"Crema Bianca di Mandorle pelate Bio - mondona\",\"isPartOf\":{\"@id\":\"https:\/\/mondona.bio\/#website\"},\"primaryImageOfPage\":{\"@id\":\"https:\/\/mondona.bio\/product\/organic-white-almond-cream\/#primaryimage\"},\"image\":{\"@id\":\"https:\/\/mondona.bio\/product\/organic-white-almond-cream\/#primaryimage\"},\"thumbnailUrl\":\"https:\/\/mondona.bio\/wp-content\/uploads\/2023\/10\/mondona_515_Pure-Nut-Cream_100-Almond-Without-Skin_800x800px_96ppi_tb.png\",\"datePublished\":\"2022-12-02T13:52:11+00:00\",\"dateModified\":\"2023-02-22T14:35:07+00:00\",\"breadcrumb\":{\"@id\":\"https:\/\/mondona.bio\/product\/organic-white-almond-cream\/#breadcrumb\"},\"inLanguage\":\"it-IT\",\"potentialAction\":[{\"@type\":\"ReadAction\",\"target\":[\"https:\/\/mondona.bio\/product\/organic-white-almond-cream\/\"]}]},{\"@type\":\"ImageObject\",\"inLanguage\":\"it-IT\",\"@id\":\"https:\/\/mondona.bio\/product\/organic-white-almond-cream\/#primaryimage\",\"url\":\"https:\/\/mondona.bio\/wp-content\/uploads\/2023\/10\/mondona_515_Pure-Nut-Cream_100-Almond-Without-Skin_800x800px_96ppi_tb.png\",\"contentUrl\":\"https:\/\/mondona.bio\/wp-content\/uploads\/2023\/10\/mondona_515_Pure-Nut-Cream_100-Almond-Without-Skin_800x800px_96ppi_tb.png\",\"width\":800,\"height\":800,\"caption\":\"mondona almond without skin cream\"},{\"@type\":\"BreadcrumbList\",\"@id\":\"https:\/\/mondona.bio\/product\/organic-white-almond-cream\/#breadcrumb\",\"itemListElement\":[{\"@type\":\"ListItem\",\"position\":1,\"name\":\"Startseite\",\"item\":\"https:\/\/mondona.bio\/\"},{\"@type\":\"ListItem\",\"position\":2,\"name\":\"Shop\",\"item\":\"https:\/\/mondona.bio\/shop\/\"},{\"@type\":\"ListItem\",\"position\":3,\"name\":\"Crema Bianca di Mandorle pelate Bio\"}]},{\"@type\":\"WebSite\",\"@id\":\"https:\/\/mondona.bio\/#website\",\"url\":\"https:\/\/mondona.bio\/\",\"name\":\"mondona\",\"description\":\"Frutta e verdura biologica, disidratata con metodo Soft-DRY\u00ae\",\"potentialAction\":[{\"@type\":\"SearchAction\",\"target\":{\"@type\":\"EntryPoint\",\"urlTemplate\":\"https:\/\/mondona.bio\/?s={search_term_string}\"},\"query-input\":{\"@type\":\"PropertyValueSpecification\",\"valueRequired\":true,\"valueName\":\"search_term_string\"}}],\"inLanguage\":\"it-IT\"}]}<\/script>\n<!-- \/ Yoast SEO plugin. -->","yoast_head_json":{"title":"Crema Bianca di Mandorle pelate Bio - mondona","robots":{"index":"index","follow":"follow","max-snippet":"max-snippet:-1","max-image-preview":"max-image-preview:large","max-video-preview":"max-video-preview:-1"},"canonical":"https:\/\/mondona.bio\/product\/organic-white-almond-cream\/","og_locale":"it_IT","og_type":"article","og_title":"Crema Bianca di Mandorle pelate Bio - mondona","og_description":"100% crema bianca di mandorle pelate biologiche.","og_url":"https:\/\/mondona.bio\/product\/organic-white-almond-cream\/","og_site_name":"mondona","article_publisher":"https:\/\/www.facebook.com\/vitaina.bio\/","article_modified_time":"2023-02-22T14:35:07+00:00","og_image":[{"width":800,"height":800,"url":"https:\/\/mondona.bio\/wp-content\/uploads\/2023\/10\/mondona_515_Pure-Nut-Cream_100-Almond-Without-Skin_800x800px_96ppi_tb.png","type":"image\/png"}],"twitter_card":"summary_large_image","twitter_misc":{"Tempo di lettura stimato":"2 minuti"},"schema":{"@context":"https:\/\/schema.org","@graph":[{"@type":"WebPage","@id":"https:\/\/mondona.bio\/product\/organic-white-almond-cream\/","url":"https:\/\/mondona.bio\/product\/organic-white-almond-cream\/","name":"Crema Bianca di Mandorle pelate Bio - mondona","isPartOf":{"@id":"https:\/\/mondona.bio\/#website"},"primaryImageOfPage":{"@id":"https:\/\/mondona.bio\/product\/organic-white-almond-cream\/#primaryimage"},"image":{"@id":"https:\/\/mondona.bio\/product\/organic-white-almond-cream\/#primaryimage"},"thumbnailUrl":"https:\/\/mondona.bio\/wp-content\/uploads\/2023\/10\/mondona_515_Pure-Nut-Cream_100-Almond-Without-Skin_800x800px_96ppi_tb.png","datePublished":"2022-12-02T13:52:11+00:00","dateModified":"2023-02-22T14:35:07+00:00","breadcrumb":{"@id":"https:\/\/mondona.bio\/product\/organic-white-almond-cream\/#breadcrumb"},"inLanguage":"it-IT","potentialAction":[{"@type":"ReadAction","target":["https:\/\/mondona.bio\/product\/organic-white-almond-cream\/"]}]},{"@type":"ImageObject","inLanguage":"it-IT","@id":"https:\/\/mondona.bio\/product\/organic-white-almond-cream\/#primaryimage","url":"https:\/\/mondona.bio\/wp-content\/uploads\/2023\/10\/mondona_515_Pure-Nut-Cream_100-Almond-Without-Skin_800x800px_96ppi_tb.png","contentUrl":"https:\/\/mondona.bio\/wp-content\/uploads\/2023\/10\/mondona_515_Pure-Nut-Cream_100-Almond-Without-Skin_800x800px_96ppi_tb.png","width":800,"height":800,"caption":"mondona almond without skin cream"},{"@type":"BreadcrumbList","@id":"https:\/\/mondona.bio\/product\/organic-white-almond-cream\/#breadcrumb","itemListElement":[{"@type":"ListItem","position":1,"name":"Startseite","item":"https:\/\/mondona.bio\/"},{"@type":"ListItem","position":2,"name":"Shop","item":"https:\/\/mondona.bio\/shop\/"},{"@type":"ListItem","position":3,"name":"Crema Bianca di Mandorle pelate Bio"}]},{"@type":"WebSite","@id":"https:\/\/mondona.bio\/#website","url":"https:\/\/mondona.bio\/","name":"mondona","description":"Frutta e verdura biologica, disidratata con metodo Soft-DRY\u00ae","potentialAction":[{"@type":"SearchAction","target":{"@type":"EntryPoint","urlTemplate":"https:\/\/mondona.bio\/?s={search_term_string}"},"query-input":{"@type":"PropertyValueSpecification","valueRequired":true,"valueName":"search_term_string"}}],"inLanguage":"it-IT"}]}},"_links":{"self":[{"href":"https:\/\/mondona.bio\/it\/wp-json\/wp\/v2\/product\/824","targetHints":{"allow":["GET"]}}],"collection":[{"href":"https:\/\/mondona.bio\/it\/wp-json\/wp\/v2\/product"}],"about":[{"href":"https:\/\/mondona.bio\/it\/wp-json\/wp\/v2\/types\/product"}],"replies":[{"embeddable":true,"href":"https:\/\/mondona.bio\/it\/wp-json\/wp\/v2\/comments?post=824"}],"wp:featuredmedia":[{"embeddable":true,"href":"https:\/\/mondona.bio\/it\/wp-json\/wp\/v2\/media\/41387"}],"wp:attachment":[{"href":"https:\/\/mondona.bio\/it\/wp-json\/wp\/v2\/media?parent=824"}],"wp:term":[{"taxonomy":"product_cat","embeddable":true,"href":"https:\/\/mondona.bio\/it\/wp-json\/wp\/v2\/product_cat?post=824"},{"taxonomy":"product_tag","embeddable":true,"href":"https:\/\/mondona.bio\/it\/wp-json\/wp\/v2\/product_tag?post=824"}],"curies":[{"name":"wp","href":"https:\/\/api.w.org\/{rel}","templated":true}]}}